{"id":14749,"date":"2021-07-13T23:02:09","date_gmt":"2021-07-14T06:02:09","guid":{"rendered":"https:\/\/www.wyatt.com\/?page_id=14749"},"modified":"2024-10-29T03:53:45","modified_gmt":"2024-10-29T10:53:45","slug":"startseite","status":"publish","type":"page","link":"https:\/\/wyatt.devpress.net\/de","title":{"rendered":"Startseite"},"content":{"rendered":"","protected":false},"excerpt":{"rendered":"<p> Wyatt Technology Lichtstreudetektoren zur Bestimmung der absoluten Molmasse, Gr\u00f6\u00dfe, Ladung und Wechselwirkungen von Makromolek\u00fclen und Nanopartikeln. <\/p>\n","protected":false},"author":221,"featured_media":10046,"parent":0,"menu_order":0,"comment_status":"closed","ping_status":"closed","template":"","meta":{"_stopmodifiedupdate":false,"_modified_date":"","footnotes":"","_links_to":"","_links_to_target":""},"_links":{"self":[{"href":"https:\/\/wyatt.devpress.net\/de\/wp-json\/wp\/v2\/pages\/14749"}],"collection":[{"href":"https:\/\/wyatt.devpress.net\/de\/wp-json\/wp\/v2\/pages"}],"about":[{"href":"https:\/\/wyatt.devpress.net\/de\/wp-json\/wp\/v2\/types\/page"}],"author":[{"embeddable":true,"href":"https:\/\/wyatt.devpress.net\/de\/wp-json\/wp\/v2\/users\/221"}],"replies":[{"embeddable":true,"href":"https:\/\/wyatt.devpress.net\/de\/wp-json\/wp\/v2\/comments?post=14749"}],"version-history":[{"count":1,"href":"https:\/\/wyatt.devpress.net\/de\/wp-json\/wp\/v2\/pages\/14749\/revisions"}],"predecessor-version":[{"id":14750,"href":"https:\/\/wyatt.devpress.net\/de\/wp-json\/wp\/v2\/pages\/14749\/revisions\/14750"}],"wp:featuredmedia":[{"embeddable":true,"href":"https:\/\/wyatt.devpress.net\/de\/wp-json\/wp\/v2\/media\/10046"}],"wp:attachment":[{"href":"https:\/\/wyatt.devpress.net\/de\/wp-json\/wp\/v2\/media?parent=14749"}],"curies":[{"name":"wp","href":"https:\/\/api.w.org\/{rel}","templated":true}]}}