{"id":14782,"date":"2019-04-25T15:49:27","date_gmt":"2019-04-25T15:49:27","guid":{"rendered":"https:\/\/www.wyatt.com\/loesung\/nanoparticle-and-macromolecular-size-by-light-scattering.html"},"modified":"2024-12-18T00:19:49","modified_gmt":"2024-12-18T08:19:49","slug":"groesse","status":"publish","type":"page","link":"https:\/\/wyatt.devpress.net\/de\/solutions\/properties\/nanoparticle-and-macromolecular-size-by-light-scattering.html","title":{"rendered":"Gr\u00f6\u00dfe"},"content":{"rendered":"","protected":false},"excerpt":{"rendered":"<p> Mehrwinkel- und dynamische Lichtstreuung (SEC-MALS, DLS) sind die wichtigsten Techniken zur Bestimmung der Gr\u00f6\u00dfe von Proteinen und Nanopartikeln in L\u00f6sung. <\/p>\n","protected":false},"author":221,"featured_media":0,"parent":14768,"menu_order":0,"comment_status":"closed","ping_status":"closed","template":"","meta":{"_stopmodifiedupdate":false,"_modified_date":"","footnotes":"","_links_to":"","_links_to_target":""},"_links":{"self":[{"href":"https:\/\/wyatt.devpress.net\/de\/wp-json\/wp\/v2\/pages\/14782"}],"collection":[{"href":"https:\/\/wyatt.devpress.net\/de\/wp-json\/wp\/v2\/pages"}],"about":[{"href":"https:\/\/wyatt.devpress.net\/de\/wp-json\/wp\/v2\/types\/page"}],"author":[{"embeddable":true,"href":"https:\/\/wyatt.devpress.net\/de\/wp-json\/wp\/v2\/users\/221"}],"replies":[{"embeddable":true,"href":"https:\/\/wyatt.devpress.net\/de\/wp-json\/wp\/v2\/comments?post=14782"}],"version-history":[{"count":1,"href":"https:\/\/wyatt.devpress.net\/de\/wp-json\/wp\/v2\/pages\/14782\/revisions"}],"predecessor-version":[{"id":14784,"href":"https:\/\/wyatt.devpress.net\/de\/wp-json\/wp\/v2\/pages\/14782\/revisions\/14784"}],"up":[{"embeddable":true,"href":"https:\/\/wyatt.devpress.net\/de\/wp-json\/wp\/v2\/pages\/14768"}],"wp:attachment":[{"href":"https:\/\/wyatt.devpress.net\/de\/wp-json\/wp\/v2\/media?parent=14782"}],"curies":[{"name":"wp","href":"https:\/\/api.w.org\/{rel}","templated":true}]}}