{"id":14785,"date":"2019-04-25T15:53:44","date_gmt":"2019-04-25T15:53:44","guid":{"rendered":"https:\/\/www.wyatt.com\/loesung\/sec-mals-molar-mass-size-multi-angle-light-scattering.html"},"modified":"2024-10-07T05:42:24","modified_gmt":"2024-10-07T12:42:24","slug":"sec-mals","status":"publish","type":"page","link":"https:\/\/wyatt.devpress.net\/de\/solutions\/techniques\/sec-mals-molar-mass-size-multi-angle-light-scattering.html","title":{"rendered":"SEC-MALS"},"content":{"rendered":"        <section class=\"sc_fs_faq sc_card \">\n            <div>\n\t\t\t\t<h2>Was ist SEC-MALS?<\/h2>                <div>\n\t\t\t\t\t                    <p>\n\t\t\t\t\t\tSEC-MALS ist eine Technik, die Mehrwinkel-Lichtstreuung und Gr\u00f6\u00dfenausschlusschromatographie kombiniert, um Makromolek\u00fcle zu charakterisieren. Es erm\u00f6glicht je nach Detektorkombination die Bestimmung von Molekulargewicht, Gr\u00f6\u00dfe, Konformation und Konjugat-Zusammensetzung.                     <\/p>\n                <\/div>\n            <\/div>\n        <\/section>\n\t\t        <section class=\"sc_fs_faq sc_card \">\n            <div>\n\t\t\t\t<h2>Warum SEC-MALS?<\/h2>                <div>\n\t\t\t\t\t                    <p>\n\t\t\t\t\t\tDie Technik ist besonders n\u00fctzlich zur Charakterisierung von Proteinen, Polymeren, Konjugaten, verzweigten Polymeren und Protein-Komplexen. SEC-MALS bietet eine breite Anwendung von der Qualit\u00e4tssicherung von Arzneimitteln bis zur Erforschung von Protein-Ligand-Interaktionen.                     <\/p>\n                <\/div>\n            <\/div>\n        <\/section>\n\t\t        <section class=\"sc_fs_faq sc_card \">\n            <div>\n\t\t\t\t<h2>Wo wird SEC-MALS verwendet?<\/h2>                <div>\n\t\t\t\t\t                    <p>\n\t\t\t\t\t\tSEC-MALS wird vor allem in akademischen, staatlichen und anderen Laboren, die Grundlagenforschung betreiben sowie in der biopharmazeutischen Industrie und im Bereich der Hochleistungsmaterialien eingesetzt.                     <\/p>\n                <\/div>\n            <\/div>\n        <\/section>\n\t\t\n<script type=\"application\/ld+json\">\n    {\n\t\t\"@context\": \"https:\/\/schema.org\",\n\t\t\"@type\": \"FAQPage\",\n\t\t\"mainEntity\": [\n\t\t\t\t{\n\t\t\t\t\"@type\": \"Question\",\n\t\t\t\t\"name\": \"Was ist SEC-MALS?\",\n\t\t\t\t\"acceptedAnswer\": {\n\t\t\t\t\t\"@type\": \"Answer\",\n\t\t\t\t\t\"text\": \"SEC-MALS ist eine Technik, die Mehrwinkel-Lichtstreuung und Gr\u00f6\u00dfenausschlusschromatographie kombiniert, um Makromolek\u00fcle zu charakterisieren. Es erm\u00f6glicht je nach Detektorkombination die Bestimmung von Molekulargewicht, Gr\u00f6\u00dfe, Konformation und Konjugat-Zusammensetzung.\"\n\t\t\t\t\t\t\t\t\t}\n\t\t\t}\n\t\t\t,\t\t\t\t{\n\t\t\t\t\"@type\": \"Question\",\n\t\t\t\t\"name\": \"Warum SEC-MALS?\",\n\t\t\t\t\"acceptedAnswer\": {\n\t\t\t\t\t\"@type\": \"Answer\",\n\t\t\t\t\t\"text\": \"Die Technik ist besonders n\u00fctzlich zur Charakterisierung von Proteinen, Polymeren, Konjugaten, verzweigten Polymeren und Protein-Komplexen. SEC-MALS bietet eine breite Anwendung von der Qualit\u00e4tssicherung von Arzneimitteln bis zur Erforschung von Protein-Ligand-Interaktionen.\"\n\t\t\t\t\t\t\t\t\t}\n\t\t\t}\n\t\t\t,\t\t\t\t{\n\t\t\t\t\"@type\": \"Question\",\n\t\t\t\t\"name\": \"Wo wird SEC-MALS verwendet?\",\n\t\t\t\t\"acceptedAnswer\": {\n\t\t\t\t\t\"@type\": \"Answer\",\n\t\t\t\t\t\"text\": \"SEC-MALS wird vor allem in akademischen, staatlichen und anderen Laboren, die Grundlagenforschung betreiben sowie in der biopharmazeutischen Industrie und im Bereich der Hochleistungsmaterialien eingesetzt.\"\n\t\t\t\t\t\t\t\t\t}\n\t\t\t}\n\t\t\t\t    ]\n}\n<\/script>\n\n","protected":false},"excerpt":{"rendered":"<p>SEC-MALS nutzt die Mehrwinkel-Lichtstreuung zur Charakterisierung von Molekulargewicht, Gr\u00f6\u00dfe und Konformation von Proteinen, Polymeren &#038; Nanopartikeln. Erfahren Sie mehr. <\/p>\n","protected":false},"author":221,"featured_media":0,"parent":14768,"menu_order":0,"comment_status":"closed","ping_status":"closed","template":"","meta":{"_stopmodifiedupdate":false,"_modified_date":"","footnotes":"","_links_to":"","_links_to_target":""},"_links":{"self":[{"href":"https:\/\/wyatt.devpress.net\/de\/wp-json\/wp\/v2\/pages\/14785"}],"collection":[{"href":"https:\/\/wyatt.devpress.net\/de\/wp-json\/wp\/v2\/pages"}],"about":[{"href":"https:\/\/wyatt.devpress.net\/de\/wp-json\/wp\/v2\/types\/page"}],"author":[{"embeddable":true,"href":"https:\/\/wyatt.devpress.net\/de\/wp-json\/wp\/v2\/users\/221"}],"replies":[{"embeddable":true,"href":"https:\/\/wyatt.devpress.net\/de\/wp-json\/wp\/v2\/comments?post=14785"}],"version-history":[{"count":4,"href":"https:\/\/wyatt.devpress.net\/de\/wp-json\/wp\/v2\/pages\/14785\/revisions"}],"predecessor-version":[{"id":21280,"href":"https:\/\/wyatt.devpress.net\/de\/wp-json\/wp\/v2\/pages\/14785\/revisions\/21280"}],"up":[{"embeddable":true,"href":"https:\/\/wyatt.devpress.net\/de\/wp-json\/wp\/v2\/pages\/14768"}],"wp:attachment":[{"href":"https:\/\/wyatt.devpress.net\/de\/wp-json\/wp\/v2\/media?parent=14785"}],"curies":[{"name":"wp","href":"https:\/\/api.w.org\/{rel}","templated":true}]}}