{"id":14803,"date":"2020-03-25T11:50:25","date_gmt":"2020-03-25T18:50:25","guid":{"rendered":"https:\/\/www.wyatt.com\/solutions-vaccine-characterization.html"},"modified":"2024-12-18T01:27:03","modified_gmt":"2024-12-18T09:27:03","slug":"loesungen-impfstoff-charakterisierung","status":"publish","type":"page","link":"https:\/\/wyatt.devpress.net\/de\/loesungen-impfstoff-charakterisierung.html","title":{"rendered":"Impfstoff-Charakterisierung"},"content":{"rendered":"","protected":false},"excerpt":{"rendered":"<p>Um sichere und wirksame Impfstoffe zu gew\u00e4hrleisten, sind robuste und zuverl\u00e4ssige Charakterisierungswerkzeuge in der Entdeckung, Entwicklung, Produktion und Qualit\u00e4tskontrolle unerl\u00e4sslich. Erfahren Sie hier mehr.<\/p>\n","protected":false},"author":223,"featured_media":0,"parent":0,"menu_order":0,"comment_status":"closed","ping_status":"closed","template":"","meta":{"_stopmodifiedupdate":false,"_modified_date":"","footnotes":"","_links_to":"","_links_to_target":""},"_links":{"self":[{"href":"https:\/\/wyatt.devpress.net\/de\/wp-json\/wp\/v2\/pages\/14803"}],"collection":[{"href":"https:\/\/wyatt.devpress.net\/de\/wp-json\/wp\/v2\/pages"}],"about":[{"href":"https:\/\/wyatt.devpress.net\/de\/wp-json\/wp\/v2\/types\/page"}],"author":[{"embeddable":true,"href":"https:\/\/wyatt.devpress.net\/de\/wp-json\/wp\/v2\/users\/223"}],"replies":[{"embeddable":true,"href":"https:\/\/wyatt.devpress.net\/de\/wp-json\/wp\/v2\/comments?post=14803"}],"version-history":[{"count":1,"href":"https:\/\/wyatt.devpress.net\/de\/wp-json\/wp\/v2\/pages\/14803\/revisions"}],"predecessor-version":[{"id":14806,"href":"https:\/\/wyatt.devpress.net\/de\/wp-json\/wp\/v2\/pages\/14803\/revisions\/14806"}],"wp:attachment":[{"href":"https:\/\/wyatt.devpress.net\/de\/wp-json\/wp\/v2\/media?parent=14803"}],"curies":[{"name":"wp","href":"https:\/\/api.w.org\/{rel}","templated":true}]}}