{"id":14807,"date":"2020-09-15T11:36:00","date_gmt":"2020-09-15T18:36:00","guid":{"rendered":"https:\/\/www.wyatt.com\/genetherapy.html"},"modified":"2024-12-18T01:30:51","modified_gmt":"2024-12-18T09:30:51","slug":"gen-therapie","status":"publish","type":"page","link":"https:\/\/wyatt.devpress.net\/de\/genetherapy.html","title":{"rendered":"Gen Therapie"},"content":{"rendered":"","protected":false},"excerpt":{"rendered":"<p>Auf Lichtstreuung basierende Analysetechniken f\u00fcr die AAV-Analyse quantifizieren Schl\u00fcsselattribute wie Gr\u00f6\u00dfe, Aggregation, physikalischer Titer, Leer:Voll-Verh\u00e4ltnis und Stabilit\u00e4t. Erfahren Sie, wie die L\u00f6sungen von Wyatt zur Charakterisierung kritischer Qualit\u00e4tsattribute von AAVs und anderen DNA\/RNA-Transportmodalit\u00e4ten die Anforderungen von Industrie und Beh\u00f6rden erf\u00fcllen.<\/p>\n","protected":false},"author":223,"featured_media":0,"parent":0,"menu_order":0,"comment_status":"closed","ping_status":"closed","template":"","meta":{"_stopmodifiedupdate":false,"_modified_date":"","footnotes":"","_links_to":"","_links_to_target":""},"_links":{"self":[{"href":"https:\/\/wyatt.devpress.net\/de\/wp-json\/wp\/v2\/pages\/14807"}],"collection":[{"href":"https:\/\/wyatt.devpress.net\/de\/wp-json\/wp\/v2\/pages"}],"about":[{"href":"https:\/\/wyatt.devpress.net\/de\/wp-json\/wp\/v2\/types\/page"}],"author":[{"embeddable":true,"href":"https:\/\/wyatt.devpress.net\/de\/wp-json\/wp\/v2\/users\/223"}],"replies":[{"embeddable":true,"href":"https:\/\/wyatt.devpress.net\/de\/wp-json\/wp\/v2\/comments?post=14807"}],"version-history":[{"count":1,"href":"https:\/\/wyatt.devpress.net\/de\/wp-json\/wp\/v2\/pages\/14807\/revisions"}],"predecessor-version":[{"id":14809,"href":"https:\/\/wyatt.devpress.net\/de\/wp-json\/wp\/v2\/pages\/14807\/revisions\/14809"}],"wp:attachment":[{"href":"https:\/\/wyatt.devpress.net\/de\/wp-json\/wp\/v2\/media?parent=14807"}],"curies":[{"name":"wp","href":"https:\/\/api.w.org\/{rel}","templated":true}]}}