{"id":14810,"date":"2019-04-25T15:55:22","date_gmt":"2019-04-25T15:55:22","guid":{"rendered":"https:\/\/www.wyatt.com\/loesung\/biotherapeutics-biophysical-characterization-aggregation-quality.html"},"modified":"2024-12-18T01:31:42","modified_gmt":"2024-12-18T09:31:42","slug":"biotherapeutisch-biophysikalische-charakterisierung-aggregation-qualitaet","status":"publish","type":"page","link":"https:\/\/wyatt.devpress.net\/de\/solutions\/applications\/biotherapeutics-biophysical-characterization-aggregation-quality.html","title":{"rendered":"Biotherapeutika"},"content":{"rendered":"","protected":false},"excerpt":{"rendered":"<p> Nutzen Sie die Lichtstreuung f\u00fcr die Entwicklung von Biotherapeutika; von der Charakterisierung \u00fcber die Entdeckung von Kandidaten bis hin zur Formulierung, Prozessentwicklung und Qualit\u00e4tskontrolle.<\/p>\n","protected":false},"author":221,"featured_media":0,"parent":14768,"menu_order":0,"comment_status":"closed","ping_status":"closed","template":"","meta":{"_stopmodifiedupdate":false,"_modified_date":"","footnotes":"","_links_to":"","_links_to_target":""},"_links":{"self":[{"href":"https:\/\/wyatt.devpress.net\/de\/wp-json\/wp\/v2\/pages\/14810"}],"collection":[{"href":"https:\/\/wyatt.devpress.net\/de\/wp-json\/wp\/v2\/pages"}],"about":[{"href":"https:\/\/wyatt.devpress.net\/de\/wp-json\/wp\/v2\/types\/page"}],"author":[{"embeddable":true,"href":"https:\/\/wyatt.devpress.net\/de\/wp-json\/wp\/v2\/users\/221"}],"replies":[{"embeddable":true,"href":"https:\/\/wyatt.devpress.net\/de\/wp-json\/wp\/v2\/comments?post=14810"}],"version-history":[{"count":1,"href":"https:\/\/wyatt.devpress.net\/de\/wp-json\/wp\/v2\/pages\/14810\/revisions"}],"predecessor-version":[{"id":14812,"href":"https:\/\/wyatt.devpress.net\/de\/wp-json\/wp\/v2\/pages\/14810\/revisions\/14812"}],"up":[{"embeddable":true,"href":"https:\/\/wyatt.devpress.net\/de\/wp-json\/wp\/v2\/pages\/14768"}],"wp:attachment":[{"href":"https:\/\/wyatt.devpress.net\/de\/wp-json\/wp\/v2\/media?parent=14810"}],"curies":[{"name":"wp","href":"https:\/\/api.w.org\/{rel}","templated":true}]}}