{"id":14828,"date":"2019-04-25T15:57:24","date_gmt":"2019-04-25T15:57:24","guid":{"rendered":"https:\/\/www.wyatt.com\/loesung\/biopharmaceutical.html"},"modified":"2021-07-14T08:24:05","modified_gmt":"2021-07-14T15:24:05","slug":"biopharmaceutical","status":"publish","type":"page","link":"https:\/\/wyatt.devpress.net\/de\/solutions\/sectors-served\/biopharmaceutical.html","title":{"rendered":"Biopharmazie"},"content":{"rendered":"","protected":false},"excerpt":{"rendered":"<p> Wenn Sie sich f\u00fcr biopharmazeutische L\u00f6sungen interessieren, sehen Sie sich einige der f\u00fchrenden biopharmazeutischen Unternehmen an, die die Instrumente und Software von Wyatt Technology einsetzen.<\/p>\n","protected":false},"author":221,"featured_media":0,"parent":14768,"menu_order":0,"comment_status":"closed","ping_status":"closed","template":"","meta":{"_stopmodifiedupdate":false,"_modified_date":"","footnotes":"","_links_to":"","_links_to_target":""},"_links":{"self":[{"href":"https:\/\/wyatt.devpress.net\/de\/wp-json\/wp\/v2\/pages\/14828"}],"collection":[{"href":"https:\/\/wyatt.devpress.net\/de\/wp-json\/wp\/v2\/pages"}],"about":[{"href":"https:\/\/wyatt.devpress.net\/de\/wp-json\/wp\/v2\/types\/page"}],"author":[{"embeddable":true,"href":"https:\/\/wyatt.devpress.net\/de\/wp-json\/wp\/v2\/users\/221"}],"replies":[{"embeddable":true,"href":"https:\/\/wyatt.devpress.net\/de\/wp-json\/wp\/v2\/comments?post=14828"}],"version-history":[{"count":1,"href":"https:\/\/wyatt.devpress.net\/de\/wp-json\/wp\/v2\/pages\/14828\/revisions"}],"predecessor-version":[{"id":14831,"href":"https:\/\/wyatt.devpress.net\/de\/wp-json\/wp\/v2\/pages\/14828\/revisions\/14831"}],"up":[{"embeddable":true,"href":"https:\/\/wyatt.devpress.net\/de\/wp-json\/wp\/v2\/pages\/14768"}],"wp:attachment":[{"href":"https:\/\/wyatt.devpress.net\/de\/wp-json\/wp\/v2\/media?parent=14828"}],"curies":[{"name":"wp","href":"https:\/\/api.w.org\/{rel}","templated":true}]}}