{"id":14832,"date":"2019-04-25T15:57:34","date_gmt":"2019-04-25T15:57:34","guid":{"rendered":"https:\/\/www.wyatt.com\/loesung\/chemical.html"},"modified":"2021-07-14T08:25:41","modified_gmt":"2021-07-14T15:25:41","slug":"chemical","status":"publish","type":"page","link":"https:\/\/wyatt.devpress.net\/de\/solutions\/sectors-served\/chemical.html","title":{"rendered":"Chemie"},"content":{"rendered":"","protected":false},"excerpt":{"rendered":"<p> Sehen Sie einige der f\u00fchrenden Chemieunternehmen, die Wyatt Mehrwinkel-Lichtstreuungsger\u00e4te und dynamische Lichtstreuungsger\u00e4te zur Charakterisierung von Makromolek\u00fclen einsetzen. <\/p>\n","protected":false},"author":221,"featured_media":0,"parent":14768,"menu_order":0,"comment_status":"closed","ping_status":"closed","template":"","meta":{"_stopmodifiedupdate":false,"_modified_date":"","footnotes":"","_links_to":"","_links_to_target":""},"_links":{"self":[{"href":"https:\/\/wyatt.devpress.net\/de\/wp-json\/wp\/v2\/pages\/14832"}],"collection":[{"href":"https:\/\/wyatt.devpress.net\/de\/wp-json\/wp\/v2\/pages"}],"about":[{"href":"https:\/\/wyatt.devpress.net\/de\/wp-json\/wp\/v2\/types\/page"}],"author":[{"embeddable":true,"href":"https:\/\/wyatt.devpress.net\/de\/wp-json\/wp\/v2\/users\/221"}],"replies":[{"embeddable":true,"href":"https:\/\/wyatt.devpress.net\/de\/wp-json\/wp\/v2\/comments?post=14832"}],"version-history":[{"count":1,"href":"https:\/\/wyatt.devpress.net\/de\/wp-json\/wp\/v2\/pages\/14832\/revisions"}],"predecessor-version":[{"id":14834,"href":"https:\/\/wyatt.devpress.net\/de\/wp-json\/wp\/v2\/pages\/14832\/revisions\/14834"}],"up":[{"embeddable":true,"href":"https:\/\/wyatt.devpress.net\/de\/wp-json\/wp\/v2\/pages\/14768"}],"wp:attachment":[{"href":"https:\/\/wyatt.devpress.net\/de\/wp-json\/wp\/v2\/media?parent=14832"}],"curies":[{"name":"wp","href":"https:\/\/api.w.org\/{rel}","templated":true}]}}