{"id":14835,"date":"2019-04-25T15:57:43","date_gmt":"2019-04-25T15:57:43","guid":{"rendered":"https:\/\/www.wyatt.com\/medical-device.html"},"modified":"2021-07-14T08:27:27","modified_gmt":"2021-07-14T15:27:27","slug":"medical-device","status":"publish","type":"page","link":"https:\/\/wyatt.devpress.net\/de\/solutions\/sectors-served\/medical-device.html","title":{"rendered":"Medizinprodukte"},"content":{"rendered":"","protected":false},"excerpt":{"rendered":"<p> Erfahren Sie mehr \u00fcber einige der f\u00fchrenden Unternehmen, die die Instrumente und Software von Wyatt Technology zur Entwicklung von Materialien f\u00fcr medizinische Ger\u00e4te einsetzen. <\/p>\n","protected":false},"author":221,"featured_media":0,"parent":0,"menu_order":0,"comment_status":"closed","ping_status":"closed","template":"","meta":{"_stopmodifiedupdate":false,"_modified_date":"","footnotes":"","_links_to":"","_links_to_target":""},"_links":{"self":[{"href":"https:\/\/wyatt.devpress.net\/de\/wp-json\/wp\/v2\/pages\/14835"}],"collection":[{"href":"https:\/\/wyatt.devpress.net\/de\/wp-json\/wp\/v2\/pages"}],"about":[{"href":"https:\/\/wyatt.devpress.net\/de\/wp-json\/wp\/v2\/types\/page"}],"author":[{"embeddable":true,"href":"https:\/\/wyatt.devpress.net\/de\/wp-json\/wp\/v2\/users\/221"}],"replies":[{"embeddable":true,"href":"https:\/\/wyatt.devpress.net\/de\/wp-json\/wp\/v2\/comments?post=14835"}],"version-history":[{"count":1,"href":"https:\/\/wyatt.devpress.net\/de\/wp-json\/wp\/v2\/pages\/14835\/revisions"}],"predecessor-version":[{"id":14837,"href":"https:\/\/wyatt.devpress.net\/de\/wp-json\/wp\/v2\/pages\/14835\/revisions\/14837"}],"wp:attachment":[{"href":"https:\/\/wyatt.devpress.net\/de\/wp-json\/wp\/v2\/media?parent=14835"}],"curies":[{"name":"wp","href":"https:\/\/api.w.org\/{rel}","templated":true}]}}