{"id":14838,"date":"2019-04-25T15:57:57","date_gmt":"2019-04-25T15:57:57","guid":{"rendered":"https:\/\/www.wyatt.com\/loesung\/academic.html"},"modified":"2021-07-14T08:29:14","modified_gmt":"2021-07-14T15:29:14","slug":"academic","status":"publish","type":"page","link":"https:\/\/wyatt.devpress.net\/de\/solutions\/sectors-served\/academic.html","title":{"rendered":"Wissenschaft"},"content":{"rendered":"","protected":false},"excerpt":{"rendered":"<p> Schlie\u00dfen Sie sich den f\u00fchrenden akademischen Einrichtungen an, die Wyatt Mehrwinkel-Lichtstreuungsger\u00e4te und dynamische Lichtstreuungsger\u00e4te verwenden. Erfahren Sie mehr<\/p>\n","protected":false},"author":221,"featured_media":0,"parent":14768,"menu_order":0,"comment_status":"closed","ping_status":"closed","template":"","meta":{"_stopmodifiedupdate":false,"_modified_date":"","footnotes":"","_links_to":"","_links_to_target":""},"_links":{"self":[{"href":"https:\/\/wyatt.devpress.net\/de\/wp-json\/wp\/v2\/pages\/14838"}],"collection":[{"href":"https:\/\/wyatt.devpress.net\/de\/wp-json\/wp\/v2\/pages"}],"about":[{"href":"https:\/\/wyatt.devpress.net\/de\/wp-json\/wp\/v2\/types\/page"}],"author":[{"embeddable":true,"href":"https:\/\/wyatt.devpress.net\/de\/wp-json\/wp\/v2\/users\/221"}],"replies":[{"embeddable":true,"href":"https:\/\/wyatt.devpress.net\/de\/wp-json\/wp\/v2\/comments?post=14838"}],"version-history":[{"count":1,"href":"https:\/\/wyatt.devpress.net\/de\/wp-json\/wp\/v2\/pages\/14838\/revisions"}],"predecessor-version":[{"id":14841,"href":"https:\/\/wyatt.devpress.net\/de\/wp-json\/wp\/v2\/pages\/14838\/revisions\/14841"}],"up":[{"embeddable":true,"href":"https:\/\/wyatt.devpress.net\/de\/wp-json\/wp\/v2\/pages\/14768"}],"wp:attachment":[{"href":"https:\/\/wyatt.devpress.net\/de\/wp-json\/wp\/v2\/media?parent=14838"}],"curies":[{"name":"wp","href":"https:\/\/api.w.org\/{rel}","templated":true}]}}