{"id":14845,"date":"2019-04-29T21:05:59","date_gmt":"2019-04-29T21:05:59","guid":{"rendered":"https:\/\/www.wyatt.com\/products.html"},"modified":"2024-09-06T07:42:30","modified_gmt":"2024-09-06T14:42:30","slug":"produkte","status":"publish","type":"page","link":"https:\/\/wyatt.devpress.net\/de\/produkte.html","title":{"rendered":"Produkte"},"content":{"rendered":"","protected":false},"excerpt":{"rendered":"<p> Werfen Sie einen Blick auf unsere Produktlinie und finden Sie heraus, welches Ger\u00e4t von Wyatt Technology am besten f\u00fcr Ihre Bed\u00fcrfnisse geeignet ist. <\/p>\n","protected":false},"author":221,"featured_media":0,"parent":0,"menu_order":0,"comment_status":"closed","ping_status":"closed","template":"","meta":{"_stopmodifiedupdate":false,"_modified_date":"","footnotes":"","_links_to":"","_links_to_target":""},"_links":{"self":[{"href":"https:\/\/wyatt.devpress.net\/de\/wp-json\/wp\/v2\/pages\/14845"}],"collection":[{"href":"https:\/\/wyatt.devpress.net\/de\/wp-json\/wp\/v2\/pages"}],"about":[{"href":"https:\/\/wyatt.devpress.net\/de\/wp-json\/wp\/v2\/types\/page"}],"author":[{"embeddable":true,"href":"https:\/\/wyatt.devpress.net\/de\/wp-json\/wp\/v2\/users\/221"}],"replies":[{"embeddable":true,"href":"https:\/\/wyatt.devpress.net\/de\/wp-json\/wp\/v2\/comments?post=14845"}],"version-history":[{"count":1,"href":"https:\/\/wyatt.devpress.net\/de\/wp-json\/wp\/v2\/pages\/14845\/revisions"}],"predecessor-version":[{"id":14847,"href":"https:\/\/wyatt.devpress.net\/de\/wp-json\/wp\/v2\/pages\/14845\/revisions\/14847"}],"wp:attachment":[{"href":"https:\/\/wyatt.devpress.net\/de\/wp-json\/wp\/v2\/media?parent=14845"}],"curies":[{"name":"wp","href":"https:\/\/api.w.org\/{rel}","templated":true}]}}