{"id":14848,"date":"2019-04-29T21:06:36","date_gmt":"2019-04-29T21:06:36","guid":{"rendered":"https:\/\/www.wyatt.com\/produkte\/multi-angle-light-scattering-detectors-sec-mals.html"},"modified":"2024-11-12T01:44:30","modified_gmt":"2024-11-12T09:44:30","slug":"mals","status":"publish","type":"page","link":"https:\/\/wyatt.devpress.net\/de\/products\/instruments\/multi-angle-light-scattering-detectors-sec-mals.html","title":{"rendered":"MALS"},"content":{"rendered":"","protected":false},"excerpt":{"rendered":"<p>Entdecken Sie die modernsten MALS-Detektoren f\u00fcr die Charakterisierung von Makromolek\u00fclen und Nanopartikeln. Bestimmen Sie Molmasse und Gr\u00f6\u00dfe mit HPLC &#038; UHPLC. <\/p>\n","protected":false},"author":221,"featured_media":0,"parent":14845,"menu_order":0,"comment_status":"closed","ping_status":"closed","template":"","meta":{"_stopmodifiedupdate":false,"_modified_date":"","footnotes":"","_links_to":"","_links_to_target":""},"_links":{"self":[{"href":"https:\/\/wyatt.devpress.net\/de\/wp-json\/wp\/v2\/pages\/14848"}],"collection":[{"href":"https:\/\/wyatt.devpress.net\/de\/wp-json\/wp\/v2\/pages"}],"about":[{"href":"https:\/\/wyatt.devpress.net\/de\/wp-json\/wp\/v2\/types\/page"}],"author":[{"embeddable":true,"href":"https:\/\/wyatt.devpress.net\/de\/wp-json\/wp\/v2\/users\/221"}],"replies":[{"embeddable":true,"href":"https:\/\/wyatt.devpress.net\/de\/wp-json\/wp\/v2\/comments?post=14848"}],"version-history":[{"count":1,"href":"https:\/\/wyatt.devpress.net\/de\/wp-json\/wp\/v2\/pages\/14848\/revisions"}],"predecessor-version":[{"id":14849,"href":"https:\/\/wyatt.devpress.net\/de\/wp-json\/wp\/v2\/pages\/14848\/revisions\/14849"}],"up":[{"embeddable":true,"href":"https:\/\/wyatt.devpress.net\/de\/wp-json\/wp\/v2\/pages\/14845"}],"wp:attachment":[{"href":"https:\/\/wyatt.devpress.net\/de\/wp-json\/wp\/v2\/media?parent=14848"}],"curies":[{"name":"wp","href":"https:\/\/api.w.org\/{rel}","templated":true}]}}