{"id":14855,"date":"2019-05-04T00:37:36","date_gmt":"2019-05-04T00:37:36","guid":{"rendered":"https:\/\/www.wyatt.com\/produkte\/minidawn-multi-angle-light-scattering-detector-sec-mals.html"},"modified":"2024-09-06T08:29:31","modified_gmt":"2024-09-06T15:29:31","slug":"minidawn","status":"publish","type":"page","link":"https:\/\/wyatt.devpress.net\/de\/products\/instruments\/minidawn-multi-angle-light-scattering-detector-sec-mals.html","title":{"rendered":"miniDAWN"},"content":{"rendered":"","protected":false},"excerpt":{"rendered":"<p>Der miniDAWN charakterisiert Proteine und Polymere durch die Bestimmung von Molmasse, Gr\u00f6\u00dfe, Konformation, Konjugation &#038; Wechselwirkungen. Erfahren Sie mehr \u00fcber SEC-MALS-Detektoren.  <\/p>\n","protected":false},"author":221,"featured_media":0,"parent":14845,"menu_order":0,"comment_status":"closed","ping_status":"closed","template":"","meta":{"_stopmodifiedupdate":false,"_modified_date":"","footnotes":"","_links_to":"","_links_to_target":""},"_links":{"self":[{"href":"https:\/\/wyatt.devpress.net\/de\/wp-json\/wp\/v2\/pages\/14855"}],"collection":[{"href":"https:\/\/wyatt.devpress.net\/de\/wp-json\/wp\/v2\/pages"}],"about":[{"href":"https:\/\/wyatt.devpress.net\/de\/wp-json\/wp\/v2\/types\/page"}],"author":[{"embeddable":true,"href":"https:\/\/wyatt.devpress.net\/de\/wp-json\/wp\/v2\/users\/221"}],"replies":[{"embeddable":true,"href":"https:\/\/wyatt.devpress.net\/de\/wp-json\/wp\/v2\/comments?post=14855"}],"version-history":[{"count":1,"href":"https:\/\/wyatt.devpress.net\/de\/wp-json\/wp\/v2\/pages\/14855\/revisions"}],"predecessor-version":[{"id":14857,"href":"https:\/\/wyatt.devpress.net\/de\/wp-json\/wp\/v2\/pages\/14855\/revisions\/14857"}],"up":[{"embeddable":true,"href":"https:\/\/wyatt.devpress.net\/de\/wp-json\/wp\/v2\/pages\/14845"}],"wp:attachment":[{"href":"https:\/\/wyatt.devpress.net\/de\/wp-json\/wp\/v2\/media?parent=14855"}],"curies":[{"name":"wp","href":"https:\/\/api.w.org\/{rel}","templated":true}]}}