{"id":14858,"date":"2019-05-04T00:38:06","date_gmt":"2019-05-04T00:38:06","guid":{"rendered":"https:\/\/www.wyatt.com\/produkte\/microdawn-multi-angle-detector-uhplc-sec-mals.html"},"modified":"2024-11-20T06:27:43","modified_gmt":"2024-11-20T14:27:43","slug":"microdawn-mehrwinkel-detektor-uhplc-sec-mals","status":"publish","type":"page","link":"https:\/\/wyatt.devpress.net\/de\/products\/instruments\/microdawn-multi-angle-detector-uhplc-sec-mals.html","title":{"rendered":"microDAWN"},"content":{"rendered":"","protected":false},"excerpt":{"rendered":"<p> Das microDAWN f\u00fchrt SEC-MALS mit UHPLC durch, um die Molmasse und Gr\u00f6\u00dfe von Proteinen und Polymeren zu analysieren, unabh\u00e4ngig von molekularen Referenzstandards.  <\/p>\n","protected":false},"author":221,"featured_media":0,"parent":14845,"menu_order":0,"comment_status":"closed","ping_status":"closed","template":"","meta":{"_stopmodifiedupdate":false,"_modified_date":"","footnotes":"","_links_to":"","_links_to_target":""},"_links":{"self":[{"href":"https:\/\/wyatt.devpress.net\/de\/wp-json\/wp\/v2\/pages\/14858"}],"collection":[{"href":"https:\/\/wyatt.devpress.net\/de\/wp-json\/wp\/v2\/pages"}],"about":[{"href":"https:\/\/wyatt.devpress.net\/de\/wp-json\/wp\/v2\/types\/page"}],"author":[{"embeddable":true,"href":"https:\/\/wyatt.devpress.net\/de\/wp-json\/wp\/v2\/users\/221"}],"replies":[{"embeddable":true,"href":"https:\/\/wyatt.devpress.net\/de\/wp-json\/wp\/v2\/comments?post=14858"}],"version-history":[{"count":1,"href":"https:\/\/wyatt.devpress.net\/de\/wp-json\/wp\/v2\/pages\/14858\/revisions"}],"predecessor-version":[{"id":14859,"href":"https:\/\/wyatt.devpress.net\/de\/wp-json\/wp\/v2\/pages\/14858\/revisions\/14859"}],"up":[{"embeddable":true,"href":"https:\/\/wyatt.devpress.net\/de\/wp-json\/wp\/v2\/pages\/14845"}],"wp:attachment":[{"href":"https:\/\/wyatt.devpress.net\/de\/wp-json\/wp\/v2\/media?parent=14858"}],"curies":[{"name":"wp","href":"https:\/\/api.w.org\/{rel}","templated":true}]}}