{"id":14863,"date":"2019-05-04T00:38:38","date_gmt":"2019-05-04T00:38:38","guid":{"rendered":"https:\/\/www.wyatt.com\/produkte\/dynapro-dynamic-light-scattering-plate-reader.html"},"modified":"2024-12-16T07:05:12","modified_gmt":"2024-12-16T15:05:12","slug":"dynapro-plate-reader-iii","status":"publish","type":"page","link":"https:\/\/wyatt.devpress.net\/de\/products\/instruments\/dynapro-dynamic-light-scattering-plate-reader.html","title":{"rendered":"DynaPro Plate Reader III"},"content":{"rendered":"","protected":false},"excerpt":{"rendered":"<p>Plattenleseger\u00e4t f\u00fcr dynamische Lichtstreuung (DLS) f\u00fcr Gr\u00f6\u00dfe und L\u00f6sungseigenschaften von Nanopartikeln und Proteinen. Misst in situ in Standard-Mikrotiterplatten. <\/p>\n","protected":false},"author":221,"featured_media":0,"parent":14845,"menu_order":0,"comment_status":"closed","ping_status":"closed","template":"","meta":{"_stopmodifiedupdate":false,"_modified_date":"","footnotes":"","_links_to":"","_links_to_target":""},"_links":{"self":[{"href":"https:\/\/wyatt.devpress.net\/de\/wp-json\/wp\/v2\/pages\/14863"}],"collection":[{"href":"https:\/\/wyatt.devpress.net\/de\/wp-json\/wp\/v2\/pages"}],"about":[{"href":"https:\/\/wyatt.devpress.net\/de\/wp-json\/wp\/v2\/types\/page"}],"author":[{"embeddable":true,"href":"https:\/\/wyatt.devpress.net\/de\/wp-json\/wp\/v2\/users\/221"}],"replies":[{"embeddable":true,"href":"https:\/\/wyatt.devpress.net\/de\/wp-json\/wp\/v2\/comments?post=14863"}],"version-history":[{"count":1,"href":"https:\/\/wyatt.devpress.net\/de\/wp-json\/wp\/v2\/pages\/14863\/revisions"}],"predecessor-version":[{"id":14865,"href":"https:\/\/wyatt.devpress.net\/de\/wp-json\/wp\/v2\/pages\/14863\/revisions\/14865"}],"up":[{"embeddable":true,"href":"https:\/\/wyatt.devpress.net\/de\/wp-json\/wp\/v2\/pages\/14845"}],"wp:attachment":[{"href":"https:\/\/wyatt.devpress.net\/de\/wp-json\/wp\/v2\/media?parent=14863"}],"curies":[{"name":"wp","href":"https:\/\/api.w.org\/{rel}","templated":true}]}}