{"id":14868,"date":"2019-05-04T00:39:47","date_gmt":"2019-05-04T00:39:47","guid":{"rendered":"https:\/\/www.wyatt.com\/produkte\/mobius.html"},"modified":"2024-07-08T04:10:18","modified_gmt":"2024-07-08T11:10:18","slug":"mobius","status":"publish","type":"page","link":"https:\/\/wyatt.devpress.net\/de\/products\/instruments\/mobius-zeta-potential-detector.html","title":{"rendered":"Mobius"},"content":{"rendered":"","protected":false},"excerpt":{"rendered":"<p> Der Mobius ELS-Detektor erm\u00f6glicht zuverl\u00e4ssige, reproduzierbare und zerst\u00f6rungsfreie Messungen der Gr\u00f6\u00dfe und des Zetapotenzials von Makromolek\u00fclen und Nanopartikeln.<\/p>\n","protected":false},"author":221,"featured_media":0,"parent":14845,"menu_order":0,"comment_status":"closed","ping_status":"closed","template":"","meta":{"_stopmodifiedupdate":false,"_modified_date":"","footnotes":"","_links_to":"","_links_to_target":""},"_links":{"self":[{"href":"https:\/\/wyatt.devpress.net\/de\/wp-json\/wp\/v2\/pages\/14868"}],"collection":[{"href":"https:\/\/wyatt.devpress.net\/de\/wp-json\/wp\/v2\/pages"}],"about":[{"href":"https:\/\/wyatt.devpress.net\/de\/wp-json\/wp\/v2\/types\/page"}],"author":[{"embeddable":true,"href":"https:\/\/wyatt.devpress.net\/de\/wp-json\/wp\/v2\/users\/221"}],"replies":[{"embeddable":true,"href":"https:\/\/wyatt.devpress.net\/de\/wp-json\/wp\/v2\/comments?post=14868"}],"version-history":[{"count":1,"href":"https:\/\/wyatt.devpress.net\/de\/wp-json\/wp\/v2\/pages\/14868\/revisions"}],"predecessor-version":[{"id":14869,"href":"https:\/\/wyatt.devpress.net\/de\/wp-json\/wp\/v2\/pages\/14868\/revisions\/14869"}],"up":[{"embeddable":true,"href":"https:\/\/wyatt.devpress.net\/de\/wp-json\/wp\/v2\/pages\/14845"}],"wp:attachment":[{"href":"https:\/\/wyatt.devpress.net\/de\/wp-json\/wp\/v2\/media?parent=14868"}],"curies":[{"name":"wp","href":"https:\/\/api.w.org\/{rel}","templated":true}]}}