{"id":14885,"date":"2019-05-04T00:43:22","date_gmt":"2019-05-04T00:43:22","guid":{"rendered":"https:\/\/www.wyatt.com\/produkte\/microviscostar.html"},"modified":"2024-12-19T02:00:37","modified_gmt":"2024-12-19T10:00:37","slug":"microviscostar","status":"publish","type":"page","link":"https:\/\/wyatt.devpress.net\/de\/products\/instruments\/microviscostar.html","title":{"rendered":"microViscoStar"},"content":{"rendered":"","protected":false},"excerpt":{"rendered":"<p> Der microViscoStar ist ein intrinsischer Viskosit\u00e4tsdetektor, der die Molmasse, Gr\u00f6\u00dfe und Konformation von Polymeren mit einem UHP-SEC-System charakterisiert. Erfahren Sie mehr.<\/p>\n","protected":false},"author":221,"featured_media":0,"parent":14845,"menu_order":0,"comment_status":"closed","ping_status":"closed","template":"","meta":{"_stopmodifiedupdate":false,"_modified_date":"","footnotes":"","_links_to":"","_links_to_target":""},"_links":{"self":[{"href":"https:\/\/wyatt.devpress.net\/de\/wp-json\/wp\/v2\/pages\/14885"}],"collection":[{"href":"https:\/\/wyatt.devpress.net\/de\/wp-json\/wp\/v2\/pages"}],"about":[{"href":"https:\/\/wyatt.devpress.net\/de\/wp-json\/wp\/v2\/types\/page"}],"author":[{"embeddable":true,"href":"https:\/\/wyatt.devpress.net\/de\/wp-json\/wp\/v2\/users\/221"}],"replies":[{"embeddable":true,"href":"https:\/\/wyatt.devpress.net\/de\/wp-json\/wp\/v2\/comments?post=14885"}],"version-history":[{"count":1,"href":"https:\/\/wyatt.devpress.net\/de\/wp-json\/wp\/v2\/pages\/14885\/revisions"}],"predecessor-version":[{"id":14887,"href":"https:\/\/wyatt.devpress.net\/de\/wp-json\/wp\/v2\/pages\/14885\/revisions\/14887"}],"up":[{"embeddable":true,"href":"https:\/\/wyatt.devpress.net\/de\/wp-json\/wp\/v2\/pages\/14845"}],"wp:attachment":[{"href":"https:\/\/wyatt.devpress.net\/de\/wp-json\/wp\/v2\/media?parent=14885"}],"curies":[{"name":"wp","href":"https:\/\/api.w.org\/{rel}","templated":true}]}}