{"id":14888,"date":"2019-04-29T21:07:25","date_gmt":"2019-04-29T21:07:25","guid":{"rendered":"https:\/\/www.wyatt.com\/produkte\/calypso-ii-label-free-biomolecular-interactions.html"},"modified":"2024-09-05T14:45:38","modified_gmt":"2024-09-05T21:45:38","slug":"calypso-ii-markierungsfreie-biomolekulare-wechselwirkungen","status":"publish","type":"page","link":"https:\/\/wyatt.devpress.net\/de\/products\/instruments\/calypso-ii-label-free-biomolecular-interactions.html","title":{"rendered":"Calypso"},"content":{"rendered":"","protected":false},"excerpt":{"rendered":"<p>Das Calypso-System von Wyatt Technology dient der markierungsfreien Analyse biomolekularer Wechselwirkungen in L\u00f6sung. Es bestimmt Affinit\u00e4t, St\u00f6chiometrie, Selbst- und Hetero-Assoziation. <\/p>\n","protected":false},"author":221,"featured_media":14889,"parent":14845,"menu_order":0,"comment_status":"closed","ping_status":"closed","template":"","meta":{"_stopmodifiedupdate":false,"_modified_date":"","footnotes":"","_links_to":"","_links_to_target":""},"_links":{"self":[{"href":"https:\/\/wyatt.devpress.net\/de\/wp-json\/wp\/v2\/pages\/14888"}],"collection":[{"href":"https:\/\/wyatt.devpress.net\/de\/wp-json\/wp\/v2\/pages"}],"about":[{"href":"https:\/\/wyatt.devpress.net\/de\/wp-json\/wp\/v2\/types\/page"}],"author":[{"embeddable":true,"href":"https:\/\/wyatt.devpress.net\/de\/wp-json\/wp\/v2\/users\/221"}],"replies":[{"embeddable":true,"href":"https:\/\/wyatt.devpress.net\/de\/wp-json\/wp\/v2\/comments?post=14888"}],"version-history":[{"count":1,"href":"https:\/\/wyatt.devpress.net\/de\/wp-json\/wp\/v2\/pages\/14888\/revisions"}],"predecessor-version":[{"id":14890,"href":"https:\/\/wyatt.devpress.net\/de\/wp-json\/wp\/v2\/pages\/14888\/revisions\/14890"}],"up":[{"embeddable":true,"href":"https:\/\/wyatt.devpress.net\/de\/wp-json\/wp\/v2\/pages\/14845"}],"wp:featuredmedia":[{"embeddable":true,"href":"https:\/\/wyatt.devpress.net\/de\/wp-json\/wp\/v2\/media\/14889"}],"wp:attachment":[{"href":"https:\/\/wyatt.devpress.net\/de\/wp-json\/wp\/v2\/media?parent=14888"}],"curies":[{"name":"wp","href":"https:\/\/api.w.org\/{rel}","templated":true}]}}