{"id":14911,"date":"2020-08-10T13:00:02","date_gmt":"2020-08-10T20:00:02","guid":{"rendered":"https:\/\/www.wyatt.com\/produkte\/hplc-connect.html"},"modified":"2024-10-09T05:01:52","modified_gmt":"2024-10-09T12:01:52","slug":"hplc-connect","status":"publish","type":"page","link":"https:\/\/wyatt.devpress.net\/de\/products\/software\/hplc-connect.html","title":{"rendered":"HPLC CONNECT"},"content":{"rendered":"","protected":false},"excerpt":{"rendered":"<p>M\u00f6chten Sie mehr \u00fcber HPLC CONNECT, Wyatts vollst\u00e4ndige Synchronisation zwischen SEC-MALS &#038; HPLC-Systemen, erfahren? Klicken Sie hier, um mehr zu erfahren.<\/p>\n","protected":false},"author":223,"featured_media":0,"parent":14845,"menu_order":0,"comment_status":"closed","ping_status":"closed","template":"","meta":{"_stopmodifiedupdate":false,"_modified_date":"","footnotes":"","_links_to":"","_links_to_target":""},"_links":{"self":[{"href":"https:\/\/wyatt.devpress.net\/de\/wp-json\/wp\/v2\/pages\/14911"}],"collection":[{"href":"https:\/\/wyatt.devpress.net\/de\/wp-json\/wp\/v2\/pages"}],"about":[{"href":"https:\/\/wyatt.devpress.net\/de\/wp-json\/wp\/v2\/types\/page"}],"author":[{"embeddable":true,"href":"https:\/\/wyatt.devpress.net\/de\/wp-json\/wp\/v2\/users\/223"}],"replies":[{"embeddable":true,"href":"https:\/\/wyatt.devpress.net\/de\/wp-json\/wp\/v2\/comments?post=14911"}],"version-history":[{"count":1,"href":"https:\/\/wyatt.devpress.net\/de\/wp-json\/wp\/v2\/pages\/14911\/revisions"}],"predecessor-version":[{"id":14913,"href":"https:\/\/wyatt.devpress.net\/de\/wp-json\/wp\/v2\/pages\/14911\/revisions\/14913"}],"up":[{"embeddable":true,"href":"https:\/\/wyatt.devpress.net\/de\/wp-json\/wp\/v2\/pages\/14845"}],"wp:attachment":[{"href":"https:\/\/wyatt.devpress.net\/de\/wp-json\/wp\/v2\/media?parent=14911"}],"curies":[{"name":"wp","href":"https:\/\/api.w.org\/{rel}","templated":true}]}}