{"id":14932,"date":"2019-05-07T23:32:37","date_gmt":"2019-05-07T23:32:37","guid":{"rendered":"https:\/\/www.wyatt.com\/introduction-to-laser-light-scattering-theory.html"},"modified":"2024-10-07T05:09:23","modified_gmt":"2024-10-07T12:09:23","slug":"einleitung","status":"publish","type":"page","link":"https:\/\/wyatt.devpress.net\/de\/library\/theory\/introduction-to-laser-light-scattering-theory.html","title":{"rendered":"Einleitung"},"content":{"rendered":"","protected":false},"excerpt":{"rendered":"<p>Lernen Sie die Theorie der Lichtstreuung zur Charakterisierung von Makromolek\u00fclen und Nanopartikeln in L\u00f6sung, f\u00fcr statische und dynamische Lichtstreuung (MALS und DLS) kennen. <\/p>\n","protected":false},"author":221,"featured_media":0,"parent":0,"menu_order":0,"comment_status":"closed","ping_status":"closed","template":"","meta":{"_stopmodifiedupdate":false,"_modified_date":"","footnotes":"","_links_to":"","_links_to_target":""},"_links":{"self":[{"href":"https:\/\/wyatt.devpress.net\/de\/wp-json\/wp\/v2\/pages\/14932"}],"collection":[{"href":"https:\/\/wyatt.devpress.net\/de\/wp-json\/wp\/v2\/pages"}],"about":[{"href":"https:\/\/wyatt.devpress.net\/de\/wp-json\/wp\/v2\/types\/page"}],"author":[{"embeddable":true,"href":"https:\/\/wyatt.devpress.net\/de\/wp-json\/wp\/v2\/users\/221"}],"replies":[{"embeddable":true,"href":"https:\/\/wyatt.devpress.net\/de\/wp-json\/wp\/v2\/comments?post=14932"}],"version-history":[{"count":1,"href":"https:\/\/wyatt.devpress.net\/de\/wp-json\/wp\/v2\/pages\/14932\/revisions"}],"predecessor-version":[{"id":14934,"href":"https:\/\/wyatt.devpress.net\/de\/wp-json\/wp\/v2\/pages\/14932\/revisions\/14934"}],"wp:attachment":[{"href":"https:\/\/wyatt.devpress.net\/de\/wp-json\/wp\/v2\/media?parent=14932"}],"curies":[{"name":"wp","href":"https:\/\/api.w.org\/{rel}","templated":true}]}}