{"id":14935,"date":"2019-05-07T23:33:43","date_gmt":"2019-05-07T23:33:43","guid":{"rendered":"https:\/\/www.wyatt.com\/understanding-multi-angle-static-light-scattering.html"},"modified":"2023-08-17T22:56:14","modified_gmt":"2023-08-18T05:56:14","slug":"mals","status":"publish","type":"page","link":"https:\/\/wyatt.devpress.net\/de\/library\/theory\/understanding-multi-angle-static-light-scattering.html","title":{"rendered":"MALS"},"content":{"rendered":"","protected":false},"excerpt":{"rendered":"<p> Erfahren Sie, wie die Mehrwinkel-Lichtstreuung (MALS) die absolute Molmasse und Gr\u00f6\u00dfe von Proteinen, Makromolek\u00fclen und Nanopartikeln in L\u00f6sung bestimmt (SEC\/FFF-MALS). <\/p>\n","protected":false},"author":221,"featured_media":0,"parent":0,"menu_order":0,"comment_status":"closed","ping_status":"closed","template":"","meta":{"_stopmodifiedupdate":false,"_modified_date":"","footnotes":"","_links_to":"","_links_to_target":""},"_links":{"self":[{"href":"https:\/\/wyatt.devpress.net\/de\/wp-json\/wp\/v2\/pages\/14935"}],"collection":[{"href":"https:\/\/wyatt.devpress.net\/de\/wp-json\/wp\/v2\/pages"}],"about":[{"href":"https:\/\/wyatt.devpress.net\/de\/wp-json\/wp\/v2\/types\/page"}],"author":[{"embeddable":true,"href":"https:\/\/wyatt.devpress.net\/de\/wp-json\/wp\/v2\/users\/221"}],"replies":[{"embeddable":true,"href":"https:\/\/wyatt.devpress.net\/de\/wp-json\/wp\/v2\/comments?post=14935"}],"version-history":[{"count":1,"href":"https:\/\/wyatt.devpress.net\/de\/wp-json\/wp\/v2\/pages\/14935\/revisions"}],"predecessor-version":[{"id":14937,"href":"https:\/\/wyatt.devpress.net\/de\/wp-json\/wp\/v2\/pages\/14935\/revisions\/14937"}],"wp:attachment":[{"href":"https:\/\/wyatt.devpress.net\/de\/wp-json\/wp\/v2\/media?parent=14935"}],"curies":[{"name":"wp","href":"https:\/\/api.w.org\/{rel}","templated":true}]}}