{"id":14941,"date":"2019-05-13T20:59:37","date_gmt":"2019-05-13T20:59:37","guid":{"rendered":"https:\/\/www.wyatt.com\/batch-mode.html"},"modified":"2024-09-06T08:08:34","modified_gmt":"2024-09-06T15:08:34","slug":"batch-modus","status":"publish","type":"page","link":"https:\/\/wyatt.devpress.net\/de\/batch-modus.html","title":{"rendered":"Batch-Modus"},"content":{"rendered":"","protected":false},"excerpt":{"rendered":"<p> Lernen Sie den Batch-Modus der Lichtstreuung zur Bestimmung des absoluten Molekulargewichts und der Gr\u00f6\u00dfe kennen. Entdecken Sie, wie Sie DLS und MALS im Batch-Modus verwenden k\u00f6nnen. <\/p>\n","protected":false},"author":221,"featured_media":0,"parent":0,"menu_order":0,"comment_status":"closed","ping_status":"closed","template":"","meta":{"_stopmodifiedupdate":false,"_modified_date":"","footnotes":"","_links_to":"","_links_to_target":""},"_links":{"self":[{"href":"https:\/\/wyatt.devpress.net\/de\/wp-json\/wp\/v2\/pages\/14941"}],"collection":[{"href":"https:\/\/wyatt.devpress.net\/de\/wp-json\/wp\/v2\/pages"}],"about":[{"href":"https:\/\/wyatt.devpress.net\/de\/wp-json\/wp\/v2\/types\/page"}],"author":[{"embeddable":true,"href":"https:\/\/wyatt.devpress.net\/de\/wp-json\/wp\/v2\/users\/221"}],"replies":[{"embeddable":true,"href":"https:\/\/wyatt.devpress.net\/de\/wp-json\/wp\/v2\/comments?post=14941"}],"version-history":[{"count":1,"href":"https:\/\/wyatt.devpress.net\/de\/wp-json\/wp\/v2\/pages\/14941\/revisions"}],"predecessor-version":[{"id":14943,"href":"https:\/\/wyatt.devpress.net\/de\/wp-json\/wp\/v2\/pages\/14941\/revisions\/14943"}],"wp:attachment":[{"href":"https:\/\/wyatt.devpress.net\/de\/wp-json\/wp\/v2\/media?parent=14941"}],"curies":[{"name":"wp","href":"https:\/\/api.w.org\/{rel}","templated":true}]}}