{"id":14944,"date":"2019-05-07T23:34:20","date_gmt":"2019-05-07T23:34:20","guid":{"rendered":"https:\/\/www.wyatt.com\/flow-field-flow-fractionation-theory.html"},"modified":"2023-08-17T02:03:00","modified_gmt":"2023-08-17T09:03:00","slug":"fff","status":"publish","type":"page","link":"https:\/\/wyatt.devpress.net\/de\/library\/theory\/flow-field-flow-fractionation-theory.html","title":{"rendered":"FFF"},"content":{"rendered":"","protected":false},"excerpt":{"rendered":"<p>Lernen Sie die FFF-Theorie kennen. Sehen Sie, wie Sie Makromolek\u00fcle und Nanopartikel zur Charakterisierung durch Lichtstreuung nach Gr\u00f6\u00dfe trennen k\u00f6nnen.<\/p>\n","protected":false},"author":221,"featured_media":0,"parent":0,"menu_order":0,"comment_status":"closed","ping_status":"closed","template":"","meta":{"_stopmodifiedupdate":false,"_modified_date":"","footnotes":"","_links_to":"","_links_to_target":""},"_links":{"self":[{"href":"https:\/\/wyatt.devpress.net\/de\/wp-json\/wp\/v2\/pages\/14944"}],"collection":[{"href":"https:\/\/wyatt.devpress.net\/de\/wp-json\/wp\/v2\/pages"}],"about":[{"href":"https:\/\/wyatt.devpress.net\/de\/wp-json\/wp\/v2\/types\/page"}],"author":[{"embeddable":true,"href":"https:\/\/wyatt.devpress.net\/de\/wp-json\/wp\/v2\/users\/221"}],"replies":[{"embeddable":true,"href":"https:\/\/wyatt.devpress.net\/de\/wp-json\/wp\/v2\/comments?post=14944"}],"version-history":[{"count":1,"href":"https:\/\/wyatt.devpress.net\/de\/wp-json\/wp\/v2\/pages\/14944\/revisions"}],"predecessor-version":[{"id":14945,"href":"https:\/\/wyatt.devpress.net\/de\/wp-json\/wp\/v2\/pages\/14944\/revisions\/14945"}],"wp:attachment":[{"href":"https:\/\/wyatt.devpress.net\/de\/wp-json\/wp\/v2\/media?parent=14944"}],"curies":[{"name":"wp","href":"https:\/\/api.w.org\/{rel}","templated":true}]}}