{"id":14948,"date":"2019-05-07T23:35:12","date_gmt":"2019-05-07T23:35:12","guid":{"rendered":"https:\/\/www.wyatt.com\/dynamic-light-scattering-theory.html"},"modified":"2024-09-06T07:53:32","modified_gmt":"2024-09-06T14:53:32","slug":"dls","status":"publish","type":"page","link":"https:\/\/wyatt.devpress.net\/de\/library\/theory\/dynamic-light-scattering-theory.html","title":{"rendered":"DLS"},"content":{"rendered":"","protected":false},"excerpt":{"rendered":"<p>Lernen Sie die Theorie der dynamische Lichtstreuung (DLS) kennen, die Brownsche Bewegung von Molek\u00fclen und Partikeln misst, um Gr\u00f6\u00dfe und Gr\u00f6\u00dfenverteilungen zu bestimmen.<\/p>\n","protected":false},"author":221,"featured_media":0,"parent":0,"menu_order":0,"comment_status":"closed","ping_status":"closed","template":"","meta":{"_stopmodifiedupdate":false,"_modified_date":"","footnotes":"","_links_to":"","_links_to_target":""},"_links":{"self":[{"href":"https:\/\/wyatt.devpress.net\/de\/wp-json\/wp\/v2\/pages\/14948"}],"collection":[{"href":"https:\/\/wyatt.devpress.net\/de\/wp-json\/wp\/v2\/pages"}],"about":[{"href":"https:\/\/wyatt.devpress.net\/de\/wp-json\/wp\/v2\/types\/page"}],"author":[{"embeddable":true,"href":"https:\/\/wyatt.devpress.net\/de\/wp-json\/wp\/v2\/users\/221"}],"replies":[{"embeddable":true,"href":"https:\/\/wyatt.devpress.net\/de\/wp-json\/wp\/v2\/comments?post=14948"}],"version-history":[{"count":2,"href":"https:\/\/wyatt.devpress.net\/de\/wp-json\/wp\/v2\/pages\/14948\/revisions"}],"predecessor-version":[{"id":16758,"href":"https:\/\/wyatt.devpress.net\/de\/wp-json\/wp\/v2\/pages\/14948\/revisions\/16758"}],"wp:attachment":[{"href":"https:\/\/wyatt.devpress.net\/de\/wp-json\/wp\/v2\/media?parent=14948"}],"curies":[{"name":"wp","href":"https:\/\/api.w.org\/{rel}","templated":true}]}}