{"id":14966,"date":"2019-05-28T23:16:43","date_gmt":"2019-05-28T23:16:43","guid":{"rendered":"https:\/\/www.wyatt.com\/produkte\/host-computer-requirements.html"},"modified":"2024-10-08T13:16:50","modified_gmt":"2024-10-08T20:16:50","slug":"mindestanforderungen-an-den-computer","status":"publish","type":"page","link":"https:\/\/wyatt.devpress.net\/de\/produkte\/mindestanforderungen-an-den-computer.html","title":{"rendered":"Mindestanforderungen an den Computer"},"content":{"rendered":"","protected":false},"excerpt":{"rendered":"<p> Sind Sie unsicher, ob Ihre Computer unsere Software ausf\u00fchren k\u00f6nnen? Lesen Sie hier \u00fcber unsere minimalen und empfohlenen Softwareanforderungen.<\/p>\n","protected":false},"author":221,"featured_media":0,"parent":14845,"menu_order":0,"comment_status":"closed","ping_status":"closed","template":"","meta":{"_stopmodifiedupdate":false,"_modified_date":"","footnotes":"","_links_to":"","_links_to_target":""},"_links":{"self":[{"href":"https:\/\/wyatt.devpress.net\/de\/wp-json\/wp\/v2\/pages\/14966"}],"collection":[{"href":"https:\/\/wyatt.devpress.net\/de\/wp-json\/wp\/v2\/pages"}],"about":[{"href":"https:\/\/wyatt.devpress.net\/de\/wp-json\/wp\/v2\/types\/page"}],"author":[{"embeddable":true,"href":"https:\/\/wyatt.devpress.net\/de\/wp-json\/wp\/v2\/users\/221"}],"replies":[{"embeddable":true,"href":"https:\/\/wyatt.devpress.net\/de\/wp-json\/wp\/v2\/comments?post=14966"}],"version-history":[{"count":3,"href":"https:\/\/wyatt.devpress.net\/de\/wp-json\/wp\/v2\/pages\/14966\/revisions"}],"predecessor-version":[{"id":22063,"href":"https:\/\/wyatt.devpress.net\/de\/wp-json\/wp\/v2\/pages\/14966\/revisions\/22063"}],"up":[{"embeddable":true,"href":"https:\/\/wyatt.devpress.net\/de\/wp-json\/wp\/v2\/pages\/14845"}],"wp:attachment":[{"href":"https:\/\/wyatt.devpress.net\/de\/wp-json\/wp\/v2\/media?parent=14966"}],"curies":[{"name":"wp","href":"https:\/\/api.w.org\/{rel}","templated":true}]}}