{"id":14968,"date":"2019-04-25T15:54:35","date_gmt":"2019-04-25T15:54:35","guid":{"rendered":"https:\/\/www.wyatt.com\/loesung\/sec-iv-polymer-molar-mass-and-conformation.html"},"modified":"2024-01-10T11:32:49","modified_gmt":"2024-01-10T19:32:49","slug":"sec-iv","status":"publish","type":"page","link":"https:\/\/wyatt.devpress.net\/de\/loesungen\/sec-iv-polymer-molar-mass-and-conformation.html","title":{"rendered":"SEC-IV"},"content":{"rendered":"","protected":false},"excerpt":{"rendered":"<p>Die intrinsische Viskosit\u00e4t (SEC-IV) charakterisiert das Molekulargewicht der Polymere. Kombinieren Sie mit MALS und RI f\u00fcr eine Dreifach-Detektionsanalyse von Masse, Gr\u00f6\u00dfe und Konformation. <\/p>\n","protected":false},"author":221,"featured_media":0,"parent":14768,"menu_order":0,"comment_status":"closed","ping_status":"closed","template":"","meta":{"_stopmodifiedupdate":false,"_modified_date":"","footnotes":"","_links_to":"","_links_to_target":""},"_links":{"self":[{"href":"https:\/\/wyatt.devpress.net\/de\/wp-json\/wp\/v2\/pages\/14968"}],"collection":[{"href":"https:\/\/wyatt.devpress.net\/de\/wp-json\/wp\/v2\/pages"}],"about":[{"href":"https:\/\/wyatt.devpress.net\/de\/wp-json\/wp\/v2\/types\/page"}],"author":[{"embeddable":true,"href":"https:\/\/wyatt.devpress.net\/de\/wp-json\/wp\/v2\/users\/221"}],"replies":[{"embeddable":true,"href":"https:\/\/wyatt.devpress.net\/de\/wp-json\/wp\/v2\/comments?post=14968"}],"version-history":[{"count":1,"href":"https:\/\/wyatt.devpress.net\/de\/wp-json\/wp\/v2\/pages\/14968\/revisions"}],"predecessor-version":[{"id":14969,"href":"https:\/\/wyatt.devpress.net\/de\/wp-json\/wp\/v2\/pages\/14968\/revisions\/14969"}],"up":[{"embeddable":true,"href":"https:\/\/wyatt.devpress.net\/de\/wp-json\/wp\/v2\/pages\/14768"}],"wp:attachment":[{"href":"https:\/\/wyatt.devpress.net\/de\/wp-json\/wp\/v2\/media?parent=14968"}],"curies":[{"name":"wp","href":"https:\/\/api.w.org\/{rel}","templated":true}]}}