{"id":15088,"date":"2019-05-17T01:41:00","date_gmt":"2019-05-17T01:41:00","guid":{"rendered":"https:\/\/www.wyatt.com\/privacy-policy-2.html"},"modified":"2024-01-09T01:27:28","modified_gmt":"2024-01-09T09:27:28","slug":"privacy-policy-2","status":"publish","type":"page","link":"https:\/\/wyatt.devpress.net\/de\/privacy-policy.html","title":{"rendered":"Privacy Policy"},"content":{"rendered":"<h1>Datenschutzrichtlinien<\/h1>\n<p>Bei Wyatt Technology nehmen wir den Schutz Ihrer Daten ernst. Wir ergreifen geeignete Ma\u00dfnahmen, um personenbezogene Daten sicher aufzubewahren und sicherzustellen, dass alle personenbezogenen Daten ordnungsgem\u00e4\u00df verwendet und gespeichert werden. Unser Bestreben, unseren Kunden einen erstklassigen Service zu bieten, erstreckt sich auch auf die in unserem Besitz befindlichen personenbezogenen Daten.<\/p>\n<p>In dieser Datenschutzerkl\u00e4rung wird erl\u00e4utert, welche Art von personenbezogenen Daten erhoben werden und wie diese von Wyatt Technology verwendet werden, wenn Sie mit uns interagieren, z. B. durch den Besuch unserer Website (www.wyatt.com), Ihre Nutzung oder den Kauf unserer Produkte oder Dienstleistungen, Ihren Kontakt mit dem Kundensupport, Ihr Abonnement unserer Newsletter, Ihre Teilnahme an unseren Webinaren oder jede andere Interaktion mit Wyatt Technology, einschlie\u00dflich und ohne Einschr\u00e4nkung aller Online- und Offline-Erhebungen von personenbezogenen Daten.<\/p>\n<p>Wenn Sie Fragen oder Bedenken zu dieser Datenschutzrichtlinie haben, senden Sie uns bitte eine E-Mail an <a href=\"mailto:dataprotection@wyatt.com\">dataprotection@wyatt.com<\/a>.<\/p>\n<h4>Wer wir sind<\/h4>\n<p>Wyatt Technology hat seinen Hauptsitz in Kalifornien und eine weitere US-Niederlassung in Massachusetts. Wir haben weltweite Niederlassungen in China, Frankreich, Deutschland und dem Vereinigten K\u00f6nigreich.<\/p>\n<h4>Informationen, die wir m\u00f6glicherweise von Ihnen sammeln<\/h4>\n<p>Wenn Sie mit Wyatt Technology interagieren, z. B. wenn Sie unsere Produkte, Dienstleistungen oder L\u00f6sungen nutzen, anfragen oder kaufen, erheben wir personenbezogene Daten. Die personenbezogenen Daten, die wir erfassen, h\u00e4ngen von der Art der Interaktion ab, k\u00f6nnen aber Folgendes umfassen:<\/p>\n<ul>\n<li>Kontaktdaten: Ihr Name, Ihre E-Mail-Adresse, Ihre Postanschrift, Ihre Telefonnummer(n) und andere \u00e4hnliche Kontaktinformationen.<\/li>\n<li>Demografische Daten, wie z. B. Ihr Land.<\/li>\n<li>Zahlungsdaten, um eine von Ihnen get\u00e4tigte Zahlung zu verarbeiten. Solche Daten k\u00f6nnen Ihre Kreditkartendetails beinhalten.<\/li>\n<li>Berechtigungsnachweise f\u00fcr die Sicherheit und Informationen, die es uns erm\u00f6glichen, Sie zu authentifizieren und Ihnen Zugang zu Ihrem Konto zu verschaffen.<\/li>\n<li>Transaktionshistorie, d.h. Informationen \u00fcber Ihre bisherige Interaktion mit uns<br \/>\nNutzungsdaten, z. B. Ihre Nutzung unserer Website oder Informationen \u00fcber Ihr Online-Verhalten und Ihre Marketingpr\u00e4ferenzen.<\/li>\n<li>Wenn Sie unsere Website besuchen, k\u00f6nnen wir auch Ihre IP-Adresse und Cookie-ID sowie Ihre Ger\u00e4tekennungen erfassen.<\/li>\n<\/ul>\n<p>Dies geschieht durch Cookies oder \u00e4hnliche Technologien, die wir auf unserer Website implementiert haben. Einzelheiten zu solchen Cookies und wie Sie sie deaktivieren k\u00f6nnen, finden Sie in unserem Cookie-Hinweis weiter unten.<\/p>\n<h4>Von Dritten erhaltene personenbezogene Daten<\/h4>\n<p>Wir arbeiten eng mit Dritten zusammen (z. B. mit Gesch\u00e4ftspartnern, Subunternehmern, Zahlungs- und Lieferdiensten, Werbenetzwerken, Analyseanbietern und Anbietern von Suchinformationen) und k\u00f6nnen von diesen Dritten personenbezogene Daten \u00fcber Sie erhalten. Solche von Dritten erhaltenen Daten werden mit derselben Sorgfaltspflicht aufbewahrt, wie sie in diesem Hinweis beschrieben ist, und mit allen zus\u00e4tzlichen Einschr\u00e4nkungen, die von der dritten Partei, die Ihre personenbezogenen Daten weitergegeben hat, auferlegt werden.<\/p>\n<h4>Verwendung und Verarbeitung Ihrer Informationen<\/h4>\n<p>Wyatt Technology kann die Informationen, die wir von Ihnen sammeln, wenn Sie sich registrieren, einen Kauf t\u00e4tigen, sich f\u00fcr unseren Newsletter anmelden, auf eine Umfrage oder Marketingmitteilung antworten, die Website besuchen oder bestimmte andere Funktionen der Website nutzen, auf folgende Weise verwenden:<\/p>\n<ol>\n<li>Zur Personalisierung der Benutzererfahrung und um uns zu erm\u00f6glichen, die Art von Inhalten und Produktangeboten zu liefern, an denen Sie am meisten interessiert sind.<\/li>\n<li>Um unsere Website zu verbessern, damit wir Sie besser bedienen k\u00f6nnen.<\/li>\n<li>Um Ihnen bei der Beantwortung Ihrer Anfragen einen besseren Service bieten zu k\u00f6nnen.<\/li>\n<li>Um einen Wettbewerb, eine Werbeaktion, eine Umfrage oder eine andere Funktion der Website zu verwalten.<\/li>\n<li>Um regelm\u00e4\u00dfige E-Mails bez\u00fcglich Ihrer Bestellung oder anderer Produkte und Dienstleistungen zu versenden.<\/li>\n<\/ol>\n<p>Wir k\u00f6nnen Ihre personenbezogenen Daten in statistische oder aggregierte Daten umwandeln, um sicherzustellen, dass Sie nicht identifiziert werden k\u00f6nnen oder aus diesen Daten identifizierbar sind. Wir k\u00f6nnen diese aggregierten Daten verwenden, um Marktforschung und Analysen durchzuf\u00fchren, einschlie\u00dflich der Erstellung statistischer Untersuchungen und Berichte. Wir k\u00f6nnen solche anonymen aggregierten Daten an Dritte weitergeben. Aggregierte und anonyme pers\u00f6nliche Daten identifizieren Sie nicht pers\u00f6nlich.<\/p>\n<p>Wir werden Ihre personenbezogenen Daten generell nur f\u00fcr die oben genannten Zwecke verarbeiten. Wenn wir Ihre personenbezogenen Daten f\u00fcr andere \/ zus\u00e4tzliche Zwecke verwenden, werden zus\u00e4tzliche Datenschutzma\u00dfnahmen implementiert, sofern dies gesetzlich vorgeschrieben ist. Dar\u00fcber hinaus schreibt das Datenschutzrecht in einigen L\u00e4ndern vor, dass die Verarbeitung Ihrer personenbezogenen Daten f\u00fcr einige oder alle der oben beschriebenen Zwecke (einschlie\u00dflich der Bereitstellung von Direktmarketing an Sie) auf der Grundlage Ihrer Einwilligung erfolgen muss. Wenn also eine Einwilligung erforderlich ist, erfolgt unsere Verarbeitung Ihrer personenbezogenen Daten auf der Grundlage Ihrer Einwilligung.<\/p>\n<p>Bitte beachten Sie, dass Sie in den F\u00e4llen, in denen Ihre Einwilligung f\u00fcr die Verarbeitung Ihrer personenbezogenen Daten erforderlich ist, das Recht haben, Ihre Einwilligung zu verweigern oder jederzeit zu widerrufen. Wenn Sie Ihre Einwilligung nicht erteilen (oder widerrufen), k\u00f6nnen wir Ihnen jedoch m\u00f6glicherweise die entsprechenden Dienste nicht zur Verf\u00fcgung stellen.<\/p>\n<h4>Weitergabe Ihrer Daten<\/h4>\n<p>Wir k\u00f6nnen Ihre personenbezogenen Daten mit Ihrer Zustimmung oder falls erforderlich weitergeben, um eine Transaktion mit uns abzuschlie\u00dfen oder weiterzuverfolgen oder um Produkte, Dienstleistungen oder L\u00f6sungen bereitzustellen, die Sie angefordert oder genehmigt haben. Insbesondere k\u00f6nnen wir Ihre personenbezogenen Daten an die folgenden Empf\u00e4nger weitergeben:<\/p>\n<ul>\n<li>Unsere Tochtergesellschaften, Vertriebspartner oder Vertreter, die in unserem Auftrag arbeiten. Beispielsweise k\u00f6nnen wir Ihre personenbezogenen Daten an unsere verbundenen Unternehmen weitergeben, wenn wir dies f\u00fcr notwendig erachten, um Ihnen eine Komplettl\u00f6sung f\u00fcr die von Ihnen vorgelegten gesch\u00e4ftlichen Anforderungen anzubieten, oder an unsere Vertreter, um die von Ihnen erworbenen Produkte zu warten.<\/li>\n<li>Dritte, wenn eine solche Verarbeitung f\u00fcr Zwecke des Informationsrisikos erforderlich ist, einschlie\u00dflich z. B. der Verwaltung der Website und des Schutzes und der Sicherung unserer Systeme und Dienste, oder wenn eine solche Verarbeitung f\u00fcr die Verwendung der Cookies erforderlich ist, denen Sie zugestimmt haben, z. B. die Weitergabe im Hinblick auf die von Google Analytics bereitgestellten Dienste.<\/li>\n<li>Regierungs- und Aufsichtsbeh\u00f6rden und andere Dritte, wenn dies nach geltendem Recht erforderlich ist, z. B. um einer gerichtlichen Anordnung oder einer Aufforderung einer Aufsichtsbeh\u00f6rde oder einem \u00e4hnlichen rechtlichen Verfahren nachzukommen oder wenn dies anderweitig erforderlich ist, um einer rechtlichen Verpflichtung nachzukommen oder f\u00fcr die Rechtspflege.<\/li>\n<li>Betroffene Dritte oder deren professionelle Berater, im Falle einer Fusion, einer \u00dcbernahme oder irgendeiner Form des Verkaufs einiger oder aller unserer Verm\u00f6genswerte. Im Falle einer solchen Transaktion k\u00f6nnen die von uns gehaltenen personenbezogenen Daten zu den an den K\u00e4ufer \u00fcbertragenen Verm\u00f6genswerten geh\u00f6ren.<\/li>\n<\/ul>\n<p>In einigen begrenzten F\u00e4llen kann dies die \u00dcbermittlung Ihrer personenbezogenen Daten in andere L\u00e4nder beinhalten, in denen Wyatt Technology und\/oder andere Dritte t\u00e4tig sind und Ihre personenbezogenen Daten verarbeiten. Bitte beachten Sie, dass L\u00e4nder, die sich au\u00dferhalb Ihrer Gerichtsbarkeit befinden, m\u00f6glicherweise nicht das gleiche Ma\u00df an Datenschutz bieten wie in Ihrer Gerichtsbarkeit. Wir werden jedoch Vereinbarungen mit den jeweiligen beteiligten Dritten abschlie\u00dfen, die die Zwecke, f\u00fcr die Ihre personenbezogenen Daten verwendet und offengelegt werden k\u00f6nnen, einschr\u00e4nken und einen angemessenen Schutz Ihrer personenbezogenen Daten vorschreiben.<\/p>\n<h4>Direktmarketing<\/h4>\n<p>Wir entwickeln unser Angebot an Produkten, Dienstleistungen und L\u00f6sungen st\u00e4ndig weiter, um den immer anspruchsvolleren M\u00e4rkten zu entsprechen. Daher m\u00f6chten wir Ihnen m\u00f6glicherweise Informationen \u00fcber \u00e4hnliche oder gleiche Produkte, Dienstleistungen, L\u00f6sungen, Werbeaktionen und Angebote zukommen lassen, wie die, die Sie erhalten oder angefragt haben und die f\u00fcr Sie von Interesse sein k\u00f6nnten. Wir k\u00f6nnen Sie auch einladen, an einer Marktforschung teilzunehmen oder um Feedback zu unseren Produkten, Dienstleistungen und L\u00f6sungen bitten. Solche Mitteilungen k\u00f6nnen per E-Mail, Telefon oder Post erfolgen.<\/p>\n<p>Wir werden solche Mitteilungen jedoch nicht ohne Ihre vorherige Zustimmung versenden (falls erforderlich, in \u00dcbereinstimmung mit den geltenden Gesetzen), und Sie k\u00f6nnen von Ihrem Recht Gebrauch machen, eine solche Verarbeitung zu verhindern, indem Sie sich entweder nicht f\u00fcr den Erhalt solcher Mitteilungen entscheiden oder Sie k\u00f6nnen den Erhalt dieser Mitteilungen ablehnen, indem Sie die in jeder Mitteilung enthaltenen Anweisungen befolgen.<\/p>\n<p>Bitte beachten Sie, dass Marketingmitteilungen nicht dasselbe sind wie reine Informationsmitteilungen und dass wir mit Ihnen \u00fcber die von Ihnen gekauften Produkte oder die von Ihnen angeforderten Dienstleistungen oder L\u00f6sungen kommunizieren k\u00f6nnen, indem wir die von Ihnen zu diesem Zweck angegebenen Kontaktdaten verwenden, ohne dass Ihre ausdr\u00fcckliche Zustimmung erforderlich ist.<\/p>\n<h4>Speicherung von Daten im Online-Shop<\/h4>\n<p>Bei der Nutzung unseres Online-Shops wird Ihre IP-Adresse im Rahmen von Cookies gespeichert, ebenso wie die Daten, die der Nutzer im Rahmen des Abrechnungs- oder Versandprozesses angibt. Die von Ihnen zur Verf\u00fcgung gestellten Daten werden ausschlie\u00dflich zur Abwicklung von Eink\u00e4ufen \u00fcber den Online-Shop von Wyatt Technology verwendet. Kreditkartendaten werden niemals bei uns gespeichert. Alle Kreditkartenzahlungen werden von einem dritten Zahlungsabwickler, Authorize.net, abgewickelt, der die PCI-DSS-Standards einh\u00e4lt.<\/p>\n<h4>Zahlungsabwickler des Online-Shops<\/h4>\n<p>Wir arbeiten mit Authorize.net (877.447.3938) als Zahlungsdienstleister zusammen. Kreditkartenzahlungen, die \u00fcber den Online-Shop von Wyatt Technology get\u00e4tigt werden, werden direkt an den Dienstleister weitergeleitet. Es werden keine Kreditkarteninformationen der Kunden bei Wyatt Technology gespeichert.<\/p>\n<h4>Schutz Ihrer pers\u00f6nlichen Daten<\/h4>\n<p>Wir verwenden das dem Industriestandard entsprechende Sicherheitsprotokoll Secure Sockets Layer (SSL) und setzen in allen Bereichen unserer Website eine 128-Bit-Verschl\u00fcsselungstechnologie ein, um sensible Informationen auf unserer Website zu verschl\u00fcsseln. Alle Informationen, die zu und von unserer Website \u00fcbertragen werden, erfolgen sicher \u00fcber eine verschl\u00fcsselte Verbindung zwischen dem Webserver und den Browsern.<\/p>\n<h4>Aufbewahrung Ihrer pers\u00f6nlichen Daten<\/h4>\n<p>Wir werden Ihre personenbezogenen Daten so lange aufbewahren, wie es f\u00fcr die bei der Erfassung Ihrer personenbezogenen Daten festgelegten Zwecke erforderlich ist oder wie es die einschl\u00e4gigen Gesetze und Vorschriften vorschreiben.<\/p>\n<p>Wir k\u00f6nnen Ihre personenbezogenen Daten f\u00fcr einen angemessenen Zeitraum aufbewahren, nachdem Sie sich \u00fcber Produkte, Dienstleistungen oder L\u00f6sungen erkundigt haben, f\u00fcr den Fall, dass wir Folgeanfragen von Ihnen erhalten. Wir werden pr\u00fcfen, ob wir Ihre personenbezogenen Daten nach Ablauf der Aufbewahrungsfrist im Falle von Anfragen aufgrund einer gesetzlichen oder beh\u00f6rdlichen Anforderung aufbewahren m\u00fcssen. Einige oder alle Kriterien k\u00f6nnen f\u00fcr die Aufbewahrung Ihrer personenbezogenen Daten relevant sein, die wir im Zusammenhang mit unseren Produkten, Dienstleistungen, L\u00f6sungen und\/oder Ihrer Nutzung der Website von Ihnen erhoben haben. Wir werden personenbezogene Daten weiterhin aufbewahren, wenn dies erforderlich ist, um unsere Dienstleistungen f\u00fcr Sie zu erbringen, und wenn die Aufbewahrung dieser personenbezogenen Daten f\u00fcr die Verfolgung unserer berechtigten Interessen erforderlich ist oder wenn sie f\u00fcr Zwecke des \u00f6ffentlichen Interesses notwendig ist.<\/p>\n<h4>Zugang zu Ihren personenbezogenen Daten<\/h4>\n<p>Sie haben das Recht, eine Best\u00e4tigung dar\u00fcber zu verlangen, ob Ihre personenbezogenen Daten von uns verarbeitet werden, und Sie haben einen angemessenen Zugang zu Ihren personenbezogenen Daten, um Ihre personenbezogenen Daten zu aktualisieren, zu \u00e4ndern oder, falls rechtlich m\u00f6glich, zu l\u00f6schen. Damit wir Ihre Anfrage beantworten k\u00f6nnen, kann es sein, dass wir Sie auffordern, Ihre Identit\u00e4t zu best\u00e4tigen. Sie haben auch das Recht, Ihre Zustimmung zu einer Verarbeitung zu widerrufen, f\u00fcr die Sie zuvor Ihre Zustimmung erteilt haben. Wenn Sie wissen m\u00f6chten, welche personenbezogenen Daten \u00fcber Sie gespeichert sind, oder wenn Sie diese Daten l\u00f6schen lassen m\u00f6chten, wenden Sie sich bitte per E-Mail oder telefonisch an die Marketingabteilung: <a href=\"mailto:marketing@wyatt.com\">marketing@wyatt.com<\/a> oder +1 (805) 681-9009 ex 210.<\/p>\n<p>Bitte beachten Sie, dass wir Anfragen ablehnen k\u00f6nnen, die sich unangemessen wiederholen, einen unverh\u00e4ltnism\u00e4\u00dfigen technischen Aufwand erfordern (z. B. die Entwicklung eines neuen Systems oder die grundlegende \u00c4nderung einer bestehenden Praxis), die Privatsph\u00e4re anderer gef\u00e4hrden oder extrem unpraktisch w\u00e4ren (z. B. Anfragen, die Informationen betreffen, die sich auf Backup-Systemen befinden).<\/p>\n<h4>Links zu anderen Websites<\/h4>\n<p>Unsere Website kann Links zu anderen Websites enthalten. Sobald Sie jedoch diese Links benutzt haben, um unsere Website zu verlassen, sollten Sie beachten, dass wir keine Kontrolle \u00fcber die andere Website haben. Daher sind wir nicht f\u00fcr den Schutz und die Vertraulichkeit von Informationen verantwortlich, die Sie w\u00e4hrend des Besuchs solcher Websites zur Verf\u00fcgung stellen, und solche Websites unterliegen nicht diesen Datenschutzbestimmungen. Sie sollten Vorsicht walten lassen und sich die f\u00fcr die jeweilige Website geltende Datenschutzerkl\u00e4rung ansehen.<\/p>\n<h4>\u00c4nderungen an dieser Datenschutzerkl\u00e4rung<\/h4>\n<p>Wir k\u00f6nnen diese Datenschutzerkl\u00e4rung aktualisieren, um \u00c4nderungen an unseren Prozessen zu ber\u00fccksichtigen. Wenn wir \u00c4nderungen vornehmen, werden wir Sie durch einen Hinweis auf der Website informieren. Wir empfehlen Ihnen, die Website regelm\u00e4\u00dfig auf die neuesten Informationen \u00fcber unseren Datenschutz und diesen Datenschutzhinweis zu \u00fcberpr\u00fcfen.<\/p>\n<h4>Abmeldung vom Erhalt von E-Mails<\/h4>\n<p>Befolgen Sie die Anweisungen am Ende jeder E-Mail und wir werden Sie umgehend aus der zuk\u00fcnftigen Korrespondenz entfernen. Wenn Sie E-Mails von verschiedenen Produktlinien erhalten, nutzen Sie bitte die Abmeldefunktion in jedem Newsletter, um sicher zu gehen, dass Sie aus diesem entfernt werden. Wenn Sie Fragen haben, wenden Sie sich bitte an <a href=\"mailto:marketing@wyatt.com\">marketing@wyatt.com<\/a>.<\/p>\n<h4>Kontakt<\/h4>\n<p>Wenn Sie Fragen zu dieser Datenschutzrichtlinie, zur Nutzung der Website, zu unseren Produkten, Dienstleistungen und L\u00f6sungen oder zu Ihrem Umgang mit uns in Bezug auf die Verwendung Ihrer personenbezogenen Daten haben, k\u00f6nnen Sie uns gerne kontaktieren:<br \/>\nWyatt Technology<br \/>\n6330 Hollister Ave.<br \/>\nSanta Barbara, CA 93117<br \/>\n805-681-9009<br \/>\n<a href=\"mailto:dataprotection@wyatt.com\">dataprotection@wyatt.com<\/a><\/p>\n<h2>Cookie-Hinweis<\/h2>\n<p>Wyatt Technology verwendet Cookies (kleine Textdateien, die auf Ihrem Ger\u00e4t abgelegt werden) und \u00e4hnliche Technologien, um unsere Website (https:\/\/www.wyatt.com\/) oder verwandte Online-Kan\u00e4le wie z. B. Social-Media-Seiten (zusammen die &#8220;Website&#8221;) bereitzustellen und um sich Ihre Pr\u00e4ferenzen zu merken und unsere Websites auf Ihre Interessen abzustimmen (&#8220;Cookies&#8221;). Mit diesem Cookie-Hinweis geben wir Ihnen Hintergrundinformationen \u00fcber Cookies im Allgemeinen, die Cookies, die wir auf unserer Website verwenden, und dar\u00fcber, wie Sie diese Cookies kontrollieren k\u00f6nnen. Wenn Sie nach dem Lesen dieses Hinweises noch Fragen zu den Cookies haben, die auf unserer Website verwendet werden, wenden Sie sich bitte an uns unter <a href=\"mailto:marketing@wyatt.com\">marketing@wyatt.com<\/a>.<\/p>\n<h4>Was sind Cookies?<\/h4>\n<p>Cookies sind kleine Dateien, die eine Website oder ihr Dienstanbieter \u00fcber Ihren Webbrowser auf die Festplatte Ihres Computers \u00fcbertr\u00e4gt (sofern Sie dies zulassen), damit die Systeme der Website oder des Dienstanbieters Ihren Browser erkennen und bestimmte Informationen erfassen und speichern k\u00f6nnen. Zum Beispiel verwenden wir Cookies, um uns an die Artikel in Ihrem Einkaufswagen zu erinnern und diese zu verarbeiten. Sie werden auch verwendet, um uns zu helfen, Ihre Pr\u00e4ferenzen auf der Grundlage fr\u00fcherer oder aktueller Website-Aktivit\u00e4ten zu verstehen, was es uns erm\u00f6glicht, Ihnen verbesserte Dienstleistungen zu bieten. Wir verwenden Cookies auch, um aggregierte Daten \u00fcber den Website-Verkehr und die Interaktion auf der Website zu sammeln, damit wir in Zukunft bessere Website-Erfahrungen und -Tools anbieten k\u00f6nnen.<\/p>\n<h4>Wir verwenden Cookies, um:<\/h4>\n<ul>\n<li>Die Pr\u00e4ferenzen des Benutzers f\u00fcr zuk\u00fcnftige Besuche zu verstehen und zu speichern.<br \/>\nWerbeanzeigen zu verfolgen.<\/li>\n<li>Zusammenfassen von Daten \u00fcber den Website-Verkehr und die Interaktionen auf der Website, um in Zukunft bessere Website-Erlebnisse und -Tools anbieten zu k\u00f6nnen. Wir k\u00f6nnen auch Dienste von vertrauensw\u00fcrdigen Drittanbietern nutzen, die diese Informationen in unserem Namen verfolgen.<\/li>\n<li>Sie k\u00f6nnen w\u00e4hlen, ob Ihr Computer Sie jedes Mal warnen soll, wenn ein Cookie gesendet wird, oder ob Sie alle Cookies deaktivieren wollen. Sie k\u00f6nnen dies \u00fcber die Einstellungen Ihres Browsers (wie Google Chrome) tun. Jeder Browser ist anders, daher sollten Sie im Hilfemen\u00fc Ihres Browsers nachsehen, wie Sie Ihre Cookies korrekt \u00e4ndern k\u00f6nnen.<\/li>\n<\/ul>\n<p>Wenn Sie Cookies deaktivieren, werden einige Funktionen abgeschaltet. Die Benutzererfahrung wird dadurch nicht beeintr\u00e4chtigt, und einige unserer Dienste werden nicht richtig funktionieren.<\/p>\n<p>Weitere Informationen zu Cookies finden Sie unter <a href=\"http:\/\/www.cookiecentral.com\/\" target=\"_blank\" rel=\"noopener noreferrer\">www.cookiecentral.com<\/a>.<\/p>\n<h4>Anwendungen von Drittanbietern<\/h4>\n<p>Wir betten manchmal Inhalte und Sharing-Tools von anderen (Dritt-)Websites ein. Wenn Sie unsere Website mit eingebetteten Inhalten oder Sharing-Tools von Drittanbietern besuchen, werden Ihnen m\u00f6glicherweise Cookies von den Websites dieser Drittanbieter angezeigt. Wir haben keine Kontrolle \u00fcber die Verbreitung dieser Drittanbieter-Cookies. Sie sollten die Website(s) des jeweiligen Drittanbieters besuchen, um weitere Informationen \u00fcber diese Cookies zu erhalten und zu erfahren, ob und wie Sie den Empfang dieser Cookies ablehnen k\u00f6nnen.<\/p>\n<h4>Plugins von Drittanbietern<\/h4>\n<p>Wenn Sie eine Website besuchen, die ein Social Plugin enth\u00e4lt, stellt Ihr Browser eine direkte Verbindung zu den Servern von Drittanbietern her und nicht \u00fcber die Website von Wyatt Technology. Der Inhalt des Plugins wird von dem Drittanbieter direkt an Ihren Browser \u00fcbermittelt und von diesem in unsere Website eingebettet. Wyatt Technology hat daher keinen Einfluss auf den Umfang der Daten, die der Drittanbieter mit Hilfe des Plugins erhebt und Sie sollten deren individuelle Richtlinien f\u00fcr weitere Details einsehen. Durch die Nutzung dieser Drittanbieter-Plugins teilen Sie diesen Drittanbietern mit, dass Sie die entsprechenden Seiten, auf denen das Symbol platziert wurde, aufgerufen haben.<\/p>\n<h4>Wie kann ich Cookies kontrollieren oder l\u00f6schen?<\/h4>\n<p>Die meisten Internetbrowser sind zun\u00e4chst so eingestellt, dass sie Cookies automatisch akzeptieren. Sie k\u00f6nnen die Einstellungen \u00e4ndern, um Cookies zu blockieren oder um Sie zu warnen, wenn Cookies an Ihr Ger\u00e4t gesendet werden. Es gibt eine Reihe von M\u00f6glichkeiten Cookies zu verwalten. Bitte lesen Sie in der Anleitung Ihres Browsers nach, wie Sie Ihre Browsereinstellungen anpassen oder \u00e4ndern k\u00f6nnen.<\/p>\n<p>Wenn Sie die von uns verwendeten Cookies deaktivieren, kann dies Ihre Erfahrung auf der Website beeintr\u00e4chtigen. Zum Beispiel k\u00f6nnen Sie m\u00f6glicherweise bestimmte Bereiche der Website nicht besuchen.<\/p>\n<p>Wenn Sie verschiedene Ger\u00e4te zum Anzeigen und Zugreifen auf die Website verwenden (z. B. Ihren Computer, Ihr Smartphone, Ihr Tablet usw.), m\u00fcssen Sie sicherstellen, dass der Browser auf jedem Ger\u00e4t so eingestellt ist, dass er Ihren Cookie-Einstellungen entspricht.<\/p>\n<h4>\u00c4nderungen an diesem Cookie-Hinweis<\/h4>\n<p>Wir k\u00f6nnen diesen Cookie-Hinweis aktualisieren, um \u00c4nderungen an unseren Informationspraktiken zu ber\u00fccksichtigen. Wenn wir \u00c4nderungen vornehmen, werden wir Sie durch einen Hinweis auf der Website auf den neuesten Stand bringen. Wir empfehlen Ihnen, die Website regelm\u00e4\u00dfig auf die neuesten Informationen zu diesem Cookie-Hinweis zu \u00fcberpr\u00fcfen.<\/p>\n","protected":false},"excerpt":{"rendered":"<p> At Wyatt Technology, we take your privacy seriously. We take appropriate measures to keep personal data safe and to ensure that all personal data is used and stored appropriately. Our mission to provide the highest quality customer service extends to personal data in our possession. <\/p>\n","protected":false},"author":221,"featured_media":0,"parent":0,"menu_order":0,"comment_status":"closed","ping_status":"closed","template":"","meta":{"_stopmodifiedupdate":false,"_modified_date":"","footnotes":"","_links_to":"","_links_to_target":""},"_links":{"self":[{"href":"https:\/\/wyatt.devpress.net\/de\/wp-json\/wp\/v2\/pages\/15088"}],"collection":[{"href":"https:\/\/wyatt.devpress.net\/de\/wp-json\/wp\/v2\/pages"}],"about":[{"href":"https:\/\/wyatt.devpress.net\/de\/wp-json\/wp\/v2\/types\/page"}],"author":[{"embeddable":true,"href":"https:\/\/wyatt.devpress.net\/de\/wp-json\/wp\/v2\/users\/221"}],"replies":[{"embeddable":true,"href":"https:\/\/wyatt.devpress.net\/de\/wp-json\/wp\/v2\/comments?post=15088"}],"version-history":[{"count":2,"href":"https:\/\/wyatt.devpress.net\/de\/wp-json\/wp\/v2\/pages\/15088\/revisions"}],"predecessor-version":[{"id":22306,"href":"https:\/\/wyatt.devpress.net\/de\/wp-json\/wp\/v2\/pages\/15088\/revisions\/22306"}],"wp:attachment":[{"href":"https:\/\/wyatt.devpress.net\/de\/wp-json\/wp\/v2\/media?parent=15088"}],"curies":[{"name":"wp","href":"https:\/\/api.w.org\/{rel}","templated":true}]}}