{"id":15090,"date":"2019-05-17T01:34:20","date_gmt":"2019-05-17T01:34:20","guid":{"rendered":"https:\/\/www.wyatt.com\/terms-of-use.html"},"modified":"2021-07-14T05:34:01","modified_gmt":"2021-07-14T12:34:01","slug":"terms-of-use","status":"publish","type":"page","link":"https:\/\/wyatt.devpress.net\/de\/terms-of-use.html","title":{"rendered":"Terms of Use"},"content":{"rendered":"<h4>Verf\u00fcgbarkeit der Website<\/h4>\n<p>Unsere Website wird unentgeltlich zur Verf\u00fcgung gestellt. Wir k\u00f6nnen nicht garantieren, dass unsere Website oder deren Inhalte immer verf\u00fcgbar sind oder ununterbrochen zur Verf\u00fcgung stehen. Wir sind berechtigt, unsere Website ganz oder teilweise ohne Vorank\u00fcndigung auszusetzen, zur\u00fcckzuziehen, einzustellen oder zu \u00e4ndern. Wir haften nicht, wenn unsere Website aus irgendeinem Grund zu irgendeinem Zeitpunkt oder f\u00fcr irgendeinen Zeitraum nicht verf\u00fcgbar ist.<\/p>\n<p>Sie sind daf\u00fcr verantwortlich, die notwendigen Vorkehrungen f\u00fcr den Zugang zu unserer Website zu treffen. Sie sind auch daf\u00fcr verantwortlich, allen Personen, die \u00fcber Ihre Internetverbindung auf unsere Website zugreifen, von diesen Nutzungsbedingungen und anderen anwendbaren Bedingungen in Kenntnis zu setzen.<\/p>\n<h4>Korrektheit der Website<\/h4>\n<p>Die auf der Wyatt Technology Website enthaltenen Informationen und Daten wurden von Wyatt Technology aus einer Vielzahl von Quellen zusammengestellt und k\u00f6nnen ohne vorherige Ank\u00fcndigung von Wyatt Technology ge\u00e4ndert werden. Wyatt Technology \u00fcbernimmt keinerlei Gew\u00e4hr f\u00fcr die Qualit\u00e4t, den Inhalt, die Vollst\u00e4ndigkeit oder die Angemessenheit dieser Informationen und Daten.<\/p>\n<p>F\u00fcr die Dienstleistungen, die wir \u00fcber unsere Website anbieten, k\u00f6nnen zus\u00e4tzliche Bedingungen gelten. So unterliegen beispielsweise Online-K\u00e4ufe \u00fcber unsere Website unseren Bedingungen f\u00fcr Online-Verk\u00e4ufe.<\/p>\n<p>Software und Firmware, die auf der Website zum Herunterladen zur Verf\u00fcgung gestellt wird, unterliegt den Bedingungen des jeweiligen Lizenzvertrags. Mit Ausnahme der Bestimmungen des anwendbaren Lizenzvertrags wird die Software nur zur Verwendung durch Endbenutzer zur Verf\u00fcgung gestellt, und jedes weitere Kopieren, Reproduzieren oder Weitergeben der Software ist ausdr\u00fccklich verboten. Etwaige Gew\u00e4hrleistungen in Bezug auf diese Software gelten ausschlie\u00dflich wie im anwendbaren Lizenzvertrag ausdr\u00fccklich festgelegt.<\/p>\n<h4>Begrenzung unserer Haftung<\/h4>\n<p>Soweit gesetzlich zul\u00e4ssig, schlie\u00dfen wir alle ausdr\u00fccklichen oder stillschweigenden Bedingungen, Garantien, Zusicherungen oder sonstigen Bestimmungen aus, die f\u00fcr unsere Website oder deren Inhalte gelten.<\/p>\n<p>Wir haften gegen\u00fcber keinem Nutzer f\u00fcr Verluste oder Sch\u00e4den, ob aus Vertrag, unerlaubter Handlung (einschlie\u00dflich Fahrl\u00e4ssigkeit), Verletzung gesetzlicher Pflichten oder anderweitig, selbst wenn diese vorhersehbar sind, die aus oder in Verbindung mit der Nutzung oder der Unm\u00f6glichkeit der Nutzung unserer Website oder der Nutzung von oder dem Vertrauen auf unserer Website angezeigte Inhalte entstehen.<\/p>\n<p>Wenn Sie ein gesch\u00e4ftlicher Nutzer sind, beachten Sie bitte, dass wir insbesondere nicht f\u00fcr Gewinn-, Verkaufs-, Gesch\u00e4fts- oder Einnahmeverluste, Gesch\u00e4ftsunterbrechungen, den Verlust erwarteter Einsparungen, den Verlust von Gesch\u00e4ftsm\u00f6glichkeiten, des Firmenwerts oder des Rufs oder andere indirekte oder daraus folgende Verluste oder Sch\u00e4den haften.<\/p>\n<p>Wenn Sie ein Anwender sind, beachten Sie bitte, dass wir unsere Website nur f\u00fcr den h\u00e4uslichen und privaten Gebrauch zur Verf\u00fcgung stellen. Sie erkl\u00e4ren sich damit einverstanden, unsere Website nicht f\u00fcr kommerzielle oder gesch\u00e4ftliche Zwecke zu nutzen, und wir haften Ihnen gegen\u00fcber nicht f\u00fcr entgangenen Gewinn, Gesch\u00e4ftsverluste, Gesch\u00e4ftsunterbrechungen oder den Verlust von Gesch\u00e4ftsm\u00f6glichkeiten.<\/p>\n<p>Wir haften nicht f\u00fcr Verluste oder Sch\u00e4den, die durch einen Virus, eine Distributed-Denial-of-Service-Attacke oder anderes technologisch sch\u00e4dliches Material verursacht werden, das Ihre Computerausr\u00fcstung, Computerprogramme, Daten oder anderes urheberrechtlich gesch\u00fctztes Material aufgrund der Nutzung unserer Website oder des Herunterladens von Inhalten auf dieser oder auf einer mit ihr verlinkten Website infizieren kann.<\/p>\n<p>Links zu Websites von Dritten auf dieser Website werden ausschlie\u00dflich als Annehmlichkeit f\u00fcr Sie bereitgestellt. Wir \u00fcbernehmen keine Verantwortung f\u00fcr den Inhalt von Websites, die auf unserer Website verlinkt sind. Wenn Sie diese Links nutzen, verlassen Sie unsere Website. Solche Links sind nicht als Bef\u00fcrwortung dieser verlinkten Websites durch uns zu interpretieren. Wir haften nicht f\u00fcr Verluste oder Sch\u00e4den, die durch Ihre Nutzung dieser Websites entstehen.<\/p>\n<h4>Anfragen und Datensicherheit<\/h4>\n<p>Informationen \u00fcber die Erfassung und Verwendung Ihrer Daten finden Sie in der Datenschutzrichtlinie von Wyatt Technology. Wyatt Technology beh\u00e4lt sich das Recht vor, den Zugang zu bestimmten Bereichen ausschlie\u00dflich auf Benutzer zu beschr\u00e4nken, die sich zuvor bei Wyatt Technology registriert haben. Mit der Registrierung garantiert ein Benutzer, dass er\/sie korrekte, vollst\u00e4ndige und aktuelle Informationen auf dem Registrierungsformular angibt. Wir verpflichten uns, Ihre personenbezogenen Daten nicht an Dritte zu verkaufen, zu vermieten oder in irgendeiner Weise zu verleasen.<\/p>\n<p>Wyatt Technology erhebt keinen Anspruch auf das Eigentum an Materialien, Informationen oder anderen Mitteilungen, die Sie auf diese Website \u00fcbertragen, eingeben, \u00fcbermitteln oder dort einstellen (&#8220;Mitteilungen&#8221;). Wyatt Technology hat keine Verpflichtungen in Bezug auf die Kommunikationen und die Kommunikationen wird als nicht vertraulich und nicht urheberrechtlich gesch\u00fctzt betrachtet. F\u00fcr die Nutzung Ihrer Mitteilungen wird keine Verg\u00fctung gezahlt.<\/p>\n<p>Durch die \u00dcbermittlung von Mitteilungen an Wyatt Technology versichern und gew\u00e4hrleisten Sie, dass Sie die vollen Rechte und die Befugnis haben, diese Mitteilungen zu ver\u00f6ffentlichen, einzugeben, hochzuladen oder zu \u00fcbermitteln, und dass keine dieser Mitteilungen einem Urheberrecht oder einem anderen Eigentumsrecht eines Dritten unterliegt. Sie gew\u00e4hren Wyatt Technology, seinen verbundenen Unternehmen und seinen Beauftragten hiermit ein weltweites, geb\u00fchrenfreies, unbefristetes, unwiderrufliches, nicht-exklusives Recht und eine Lizenz zur Nutzung der Kommunikationen.<\/p>\n<p>Es ist Ihnen untersagt, ungesetzliches, bedrohliches, verleumderisches, diffamierendes, obsz\u00f6nes, pornografisches oder sonstiges Material, das gegen ein Gesetz verst\u00f6\u00dft, auf oder von dieser Website zu ver\u00f6ffentlichen oder zu \u00fcbertragen. Sie gew\u00e4hren hiermit Wyatt Technology, den mit ihr verbundenen Unternehmen und ihren Beauftragten ein weltweites, lizenzfreies, unbefristetes, unwiderrufliches, nicht exklusives Recht und die Lizenz, die von Ihnen an unsere Website \u00fcbermittelten Mitteilungen (und alle darin enthaltenen Daten, Bilder, T\u00f6ne, Texte und andere Dinge) zu nutzen, zu vervielf\u00e4ltigen, zu modifizieren, zu adaptieren, zu ver\u00f6ffentlichen, zu \u00fcbersetzen, zu kopieren, zu \u00fcbertragen, \u00f6ffentlich auszustellen, \u00f6ffentlich vorzuf\u00fchren, zu bearbeiten, umzuformatieren, zu vertreiben und Unterlizenzen daf\u00fcr zu vergeben, und zwar unabh\u00e4ngig von Form, Medium oder Technologie f\u00fcr alle kommerziellen oder nicht kommerziellen Zwecke. Es ist Ihnen untersagt, ungesetzliches, bedrohliches, verleumderisches, diffamierendes, obsz\u00f6nes, pornografisches oder sonstiges Material, das gegen ein Gesetz verst\u00f6\u00dft, auf oder von dieser Website zu posten oder zu \u00fcbertragen.<\/p>\n<p>Wyatt Technology kann diese Bedingungen jederzeit durch Aktualisierung dieser Bekanntmachung \u00fcberarbeiten. Diese Seite sollte in regelm\u00e4\u00dfigen Abst\u00e4nden \u00fcberpr\u00fcft werden, um die aktuellen Bedingungen zu lesen, da sie verbindlich sind. Bestimmte Bestimmungen dieser Bedingungen k\u00f6nnen durch ausdr\u00fccklich gekennzeichnete rechtliche Hinweise oder Bedingungen ersetzt werden, die sich auf bestimmten Seiten dieser Website befinden.<\/p>\n<p>Das Urheberrecht an allen auf dieser Website verwendeten Materialien liegt bei der Wyatt Technology Corporation. Es ist untersagt, die auf dieser Website ver\u00f6ffentlichten gesch\u00fctzten Inhalte in andere Programme oder andere Websites zu integrieren. Anfragen zur Genehmigung der Vervielf\u00e4ltigung der auf dieser Website enthaltenen Informationen sind an <a href=\"mailto:marketing@wyatt.com\">marketing@wyatt.com<\/a> zu richten.<\/p>\n","protected":false},"excerpt":{"rendered":"<p>Please read our Terms of Use here.<\/p>\n","protected":false},"author":221,"featured_media":0,"parent":0,"menu_order":0,"comment_status":"closed","ping_status":"closed","template":"","meta":{"_stopmodifiedupdate":false,"_modified_date":"","footnotes":"","_links_to":"","_links_to_target":""},"_links":{"self":[{"href":"https:\/\/wyatt.devpress.net\/de\/wp-json\/wp\/v2\/pages\/15090"}],"collection":[{"href":"https:\/\/wyatt.devpress.net\/de\/wp-json\/wp\/v2\/pages"}],"about":[{"href":"https:\/\/wyatt.devpress.net\/de\/wp-json\/wp\/v2\/types\/page"}],"author":[{"embeddable":true,"href":"https:\/\/wyatt.devpress.net\/de\/wp-json\/wp\/v2\/users\/221"}],"replies":[{"embeddable":true,"href":"https:\/\/wyatt.devpress.net\/de\/wp-json\/wp\/v2\/comments?post=15090"}],"version-history":[{"count":1,"href":"https:\/\/wyatt.devpress.net\/de\/wp-json\/wp\/v2\/pages\/15090\/revisions"}],"predecessor-version":[{"id":15091,"href":"https:\/\/wyatt.devpress.net\/de\/wp-json\/wp\/v2\/pages\/15090\/revisions\/15091"}],"wp:attachment":[{"href":"https:\/\/wyatt.devpress.net\/de\/wp-json\/wp\/v2\/media?parent=15090"}],"curies":[{"name":"wp","href":"https:\/\/api.w.org\/{rel}","templated":true}]}}