{"id":15126,"date":"2019-06-08T08:08:15","date_gmt":"2019-06-08T08:08:15","guid":{"rendered":"https:\/\/www.wyatt.com\/loesung\/fff-mals-separation.html"},"modified":"2024-10-10T02:27:09","modified_gmt":"2024-10-10T09:27:09","slug":"fff-trennung","status":"publish","type":"page","link":"https:\/\/wyatt.devpress.net\/de\/solutions\/techniques\/fff-mals-separation.html","title":{"rendered":"FFF Trennung"},"content":{"rendered":"","protected":false},"excerpt":{"rendered":"<p>Flow Field-Flow Fractionation (FFF) ist eine fortschrittliche Technik f\u00fcr analytische und semipr\u00e4parative Trennungen, die f\u00fcr eine Vielzahl von Analyten geeignet ist, darunter: Proteine, Polymere, Nanopartikel, Kolloide und komplexe Fl\u00fcssigkeiten. <\/p>\n","protected":false},"author":222,"featured_media":0,"parent":14768,"menu_order":0,"comment_status":"closed","ping_status":"closed","template":"","meta":{"_stopmodifiedupdate":false,"_modified_date":"","footnotes":"","_links_to":"","_links_to_target":""},"_links":{"self":[{"href":"https:\/\/wyatt.devpress.net\/de\/wp-json\/wp\/v2\/pages\/15126"}],"collection":[{"href":"https:\/\/wyatt.devpress.net\/de\/wp-json\/wp\/v2\/pages"}],"about":[{"href":"https:\/\/wyatt.devpress.net\/de\/wp-json\/wp\/v2\/types\/page"}],"author":[{"embeddable":true,"href":"https:\/\/wyatt.devpress.net\/de\/wp-json\/wp\/v2\/users\/222"}],"replies":[{"embeddable":true,"href":"https:\/\/wyatt.devpress.net\/de\/wp-json\/wp\/v2\/comments?post=15126"}],"version-history":[{"count":1,"href":"https:\/\/wyatt.devpress.net\/de\/wp-json\/wp\/v2\/pages\/15126\/revisions"}],"predecessor-version":[{"id":15129,"href":"https:\/\/wyatt.devpress.net\/de\/wp-json\/wp\/v2\/pages\/15126\/revisions\/15129"}],"up":[{"embeddable":true,"href":"https:\/\/wyatt.devpress.net\/de\/wp-json\/wp\/v2\/pages\/14768"}],"wp:attachment":[{"href":"https:\/\/wyatt.devpress.net\/de\/wp-json\/wp\/v2\/media?parent=15126"}],"curies":[{"name":"wp","href":"https:\/\/api.w.org\/{rel}","templated":true}]}}