{"id":15130,"date":"2019-06-08T05:46:43","date_gmt":"2019-06-08T05:46:43","guid":{"rendered":"https:\/\/www.wyatt.com\/dynapro-plate-reader-iii-summary-landing-page.html"},"modified":"2024-09-09T07:27:57","modified_gmt":"2024-09-09T14:27:57","slug":"dynapro-plate-reader-iii","status":"publish","type":"page","link":"https:\/\/wyatt.devpress.net\/de\/dynapro-plate-reader-iii-summary-landing-page.html","title":{"rendered":"DynaPro\u00ae Plate Reader III"},"content":{"rendered":"","protected":false},"excerpt":{"rendered":"<p> Revolutionieren Sie Ihre Biotherapeutika- und Nanopartikelentwicklung mit dynamischer Lichtstreuung im Hochdurchsatz (HT-DLS) und dem automatisierten DynaPro\u00ae Plate Reader III. Der DynaPro eignet sich hervorragend f\u00fcr die Gr\u00f6\u00dfenbestimmung und das Screening von biopharmazeutischen und Nanopartikel-Formulierungen im Hochdurchsatz und erm\u00f6glicht neuartige Arbeitsabl\u00e4ufe, die mit anderen DLS-Ger\u00e4ten einfach nicht m\u00f6glich w\u00e4ren. <\/p>\n","protected":false},"author":222,"featured_media":0,"parent":0,"menu_order":0,"comment_status":"closed","ping_status":"closed","template":"","meta":{"_stopmodifiedupdate":false,"_modified_date":"","footnotes":"","_links_to":"","_links_to_target":""},"_links":{"self":[{"href":"https:\/\/wyatt.devpress.net\/de\/wp-json\/wp\/v2\/pages\/15130"}],"collection":[{"href":"https:\/\/wyatt.devpress.net\/de\/wp-json\/wp\/v2\/pages"}],"about":[{"href":"https:\/\/wyatt.devpress.net\/de\/wp-json\/wp\/v2\/types\/page"}],"author":[{"embeddable":true,"href":"https:\/\/wyatt.devpress.net\/de\/wp-json\/wp\/v2\/users\/222"}],"replies":[{"embeddable":true,"href":"https:\/\/wyatt.devpress.net\/de\/wp-json\/wp\/v2\/comments?post=15130"}],"version-history":[{"count":1,"href":"https:\/\/wyatt.devpress.net\/de\/wp-json\/wp\/v2\/pages\/15130\/revisions"}],"predecessor-version":[{"id":15133,"href":"https:\/\/wyatt.devpress.net\/de\/wp-json\/wp\/v2\/pages\/15130\/revisions\/15133"}],"wp:attachment":[{"href":"https:\/\/wyatt.devpress.net\/de\/wp-json\/wp\/v2\/media?parent=15130"}],"curies":[{"name":"wp","href":"https:\/\/api.w.org\/{rel}","templated":true}]}}