{"id":15613,"date":"2019-04-29T23:17:35","date_gmt":"2019-04-29T23:17:35","guid":{"rendered":"https:\/\/www.wyatt.com\/patents.html"},"modified":"2024-09-05T14:15:04","modified_gmt":"2024-09-05T21:15:04","slug":"patents","status":"publish","type":"page","link":"https:\/\/wyatt.devpress.net\/de\/patents.html","title":{"rendered":"Patente"},"content":{"rendered":"","protected":false},"excerpt":{"rendered":"<p> Die Produkte von Wyatt Technology sind durch zahlreiche U.S.-Patente gesch\u00fctzt. Diese Seite soll als Hinweis gem\u00e4\u00df 35 U.S.C. \u00a7 287(a) dienen. <\/p>\n","protected":false},"author":221,"featured_media":0,"parent":0,"menu_order":0,"comment_status":"closed","ping_status":"closed","template":"","meta":{"_stopmodifiedupdate":false,"_modified_date":"","footnotes":"","_links_to":"","_links_to_target":""},"_links":{"self":[{"href":"https:\/\/wyatt.devpress.net\/de\/wp-json\/wp\/v2\/pages\/15613"}],"collection":[{"href":"https:\/\/wyatt.devpress.net\/de\/wp-json\/wp\/v2\/pages"}],"about":[{"href":"https:\/\/wyatt.devpress.net\/de\/wp-json\/wp\/v2\/types\/page"}],"author":[{"embeddable":true,"href":"https:\/\/wyatt.devpress.net\/de\/wp-json\/wp\/v2\/users\/221"}],"replies":[{"embeddable":true,"href":"https:\/\/wyatt.devpress.net\/de\/wp-json\/wp\/v2\/comments?post=15613"}],"version-history":[{"count":2,"href":"https:\/\/wyatt.devpress.net\/de\/wp-json\/wp\/v2\/pages\/15613\/revisions"}],"predecessor-version":[{"id":22625,"href":"https:\/\/wyatt.devpress.net\/de\/wp-json\/wp\/v2\/pages\/15613\/revisions\/22625"}],"wp:attachment":[{"href":"https:\/\/wyatt.devpress.net\/de\/wp-json\/wp\/v2\/media?parent=15613"}],"curies":[{"name":"wp","href":"https:\/\/api.w.org\/{rel}","templated":true}]}}